{"id":1137,"date":"2021-06-08T14:01:28","date_gmt":"2021-06-08T12:01:28","guid":{"rendered":"https:\/\/www.strobl-pumpen.de\/?page_id=1137"},"modified":"2021-06-09T18:14:40","modified_gmt":"2021-06-09T16:14:40","slug":"ver-und-entsorgung","status":"publish","type":"page","link":"https:\/\/www.strobl-pumpen.de\/de\/produktbereiche-uebersicht\/ver-und-entsorgung\/","title":{"rendered":"Ver- und Entsorgung"},"content":{"rendered":"<div class=\"wpb-content-wrapper\"><p>[vc_row][vc_column][vc_column_text][\/vc_column_text][\/vc_column][\/vc_row][vc_row][vc_column][vc_column_text]<\/p>\n<h3 style=\"text-align: center;\" data-wp-editing=\"1\"><a href=\"https:\/\/www.strobl-pumpen.de\/produktbereiche-uebersicht\/\">zur\u00fcck zur \u00dcbersicht<\/a><\/h3>\n<h3 style=\"text-align: center;\" data-wp-editing=\"1\"><a href=\"https:\/\/www.strobl-pumpen.de\/produktbereiche-uebersicht\/\"><img loading=\"lazy\" decoding=\"async\" class=\"alignnone size-medium wp-image-1447 aligncenter\" src=\"https:\/\/www.strobl-pumpen.de\/wp-content\/uploads\/2021\/06\/Icon_Banner-e1623242794382.png\" alt=\"\" width=\"600\" height=\"60\" \/><\/a><\/h3>\n<p>[\/vc_column_text][vc_empty_space height=&#8220;38px&#8220;][vc_column_text]<\/p>\n<h1 style=\"text-align: center;\">Ver- und Entsorgung<\/h1>\n<p>[\/vc_column_text][\/vc_column][\/vc_row][vc_row][vc_column][vc_empty_space height=&#8220;28px&#8220;][\/vc_column][\/vc_row][vc_row][vc_column width=&#8220;2\/3&#8243;][vc_column_text]Die <strong>Abwasserpumpen (AWP)<\/strong> sind durch ihre gro\u00dfen freien Durchg\u00e4nge ideal f\u00fcr F\u00f6rderung feststoffbeladener Fl\u00fcssigkeiten, Rohabw\u00e4sser und Fl\u00fcssigkeiten mit harten Partikeln. Die Pumpen k\u00f6nnen durch die verschiedenen Aufstellm\u00f6glichkeiten (trocken, \u00fcberflutbar oder nass) in allen Bereichen der Ver- und Entsorgung eingesetzt werden.<\/p>\n<ul>\n<li>Freie Durchg\u00e4nge 20-150 mm je nach Laufrad und Ausf\u00fchrung<\/li>\n<li>Mehrschauflige Kanalr\u00e4der und Freistromlaufr\u00e4der<\/li>\n<li>Vielseitige Werkstoff- und Dichtungsauswahl<\/li>\n<li>Verstopfungsfrei durch Schneideinrichtung\/Schneidplatte<\/li>\n<\/ul>\n<p>[\/vc_column_text][\/vc_column][vc_column width=&#8220;1\/3&#8243;][vc_images_carousel images=&#8220;1443,1442&#8243; img_size=&#8220;medium&#8220; onclick=&#8220;link_no&#8220; speed=&#8220;4000&#8243; autoplay=&#8220;yes&#8220; hide_pagination_control=&#8220;yes&#8220; hide_prev_next_buttons=&#8220;yes&#8220; wrap=&#8220;yes&#8220;][\/vc_column][\/vc_row][vc_row][vc_column][vc_empty_space height=&#8220;50px&#8220;][\/vc_column][\/vc_row][vc_row][vc_column width=&#8220;1\/3&#8243;][vc_single_image image=&#8220;1424&#8243; img_size=&#8220;medium&#8220; alignment=&#8220;center&#8220;][\/vc_column][vc_column width=&#8220;2\/3&#8243;][vc_column_text]Unsere <strong>Kellerentw\u00e4sserungspumpen (KEP)<\/strong> sind f\u00fcr den Aussetzbetrieb, um beispielsweise Gruben und Sch\u00e4chte zu entleeren gut geeignet. Die vertikalen Eintauchpumpen sind in den L\u00e4ngen variabel und k\u00f6nnen mit Flanschen in 1 \u00bd\u201c, 2\u201c und 2 \u00bd\u201c ausgestattet werden.<\/p>\n<ul>\n<li>Unempfindlichkeit gegen Sand und kleine Steine<\/li>\n<li>Verschiedene Einbaul\u00e4ngen (max. 2,65m)<\/li>\n<li>Trockene Motoraufstellung<\/li>\n<\/ul>\n<p>[\/vc_column_text][\/vc_column][\/vc_row][vc_row][vc_column][vc_empty_space height=&#8220;50px&#8220;][\/vc_column][\/vc_row][vc_row][vc_column][vc_column_text]<a href=\"https:\/\/www.strobl-pumpen.de\/produktbereiche-uebersicht\/\"> <img loading=\"lazy\" decoding=\"async\" class=\"alignnone size-medium wp-image-1447 aligncenter\" src=\"https:\/\/www.strobl-pumpen.de\/wp-content\/uploads\/2021\/06\/Icon_Banner-e1623242794382.png\" alt=\"\" width=\"600\" height=\"60\" \/><\/a>[\/vc_column_text][\/vc_column][\/vc_row][vc_row][vc_column][vc_column_text][\/vc_column_text][\/vc_column][\/vc_row]<\/p>\n<\/div>","protected":false},"excerpt":{"rendered":"<p>[vc_row][vc_column][vc_column_text][\/vc_column_text][\/vc_column][\/vc_row][vc_row][vc_column][vc_column_text] zur\u00fcck zur \u00dcbersicht [\/vc_column_text][vc_empty_space height=&#8220;38px&#8220;][vc_column_text] Ver- und Entsorgung [\/vc_column_text][\/vc_column][\/vc_row][vc_row][vc_column][vc_empty_space height=&#8220;28px&#8220;][\/vc_column][\/vc_row][vc_row][vc_column width=&#8220;2\/3&#8243;][vc_column_text]Die Abwasserpumpen (AWP) sind durch ihre gro\u00dfen freien Durchg\u00e4nge ideal f\u00fcr F\u00f6rderung feststoffbeladener Fl\u00fcssigkeiten, Rohabw\u00e4sser und Fl\u00fcssigkeiten mit harten Partikeln. Die Pumpen k\u00f6nnen durch die verschiedenen Aufstellm\u00f6glichkeiten (trocken, \u00fcberflutbar oder nass) in allen Bereichen der Ver- und Entsorgung eingesetzt werden. Freie Durchg\u00e4nge 20-150 mm [&hellip;]<\/p>\n","protected":false},"author":1,"featured_media":0,"parent":1135,"menu_order":0,"comment_status":"closed","ping_status":"closed","template":"","meta":{"footnotes":""},"class_list":["post-1137","page","type-page","status-publish","hentry"],"_links":{"self":[{"href":"https:\/\/www.strobl-pumpen.de\/de\/wp-json\/wp\/v2\/pages\/1137","targetHints":{"allow":["GET"]}}],"collection":[{"href":"https:\/\/www.strobl-pumpen.de\/de\/wp-json\/wp\/v2\/pages"}],"about":[{"href":"https:\/\/www.strobl-pumpen.de\/de\/wp-json\/wp\/v2\/types\/page"}],"author":[{"embeddable":true,"href":"https:\/\/www.strobl-pumpen.de\/de\/wp-json\/wp\/v2\/users\/1"}],"replies":[{"embeddable":true,"href":"https:\/\/www.strobl-pumpen.de\/de\/wp-json\/wp\/v2\/comments?post=1137"}],"version-history":[{"count":8,"href":"https:\/\/www.strobl-pumpen.de\/de\/wp-json\/wp\/v2\/pages\/1137\/revisions"}],"predecessor-version":[{"id":1487,"href":"https:\/\/www.strobl-pumpen.de\/de\/wp-json\/wp\/v2\/pages\/1137\/revisions\/1487"}],"up":[{"embeddable":true,"href":"https:\/\/www.strobl-pumpen.de\/de\/wp-json\/wp\/v2\/pages\/1135"}],"wp:attachment":[{"href":"https:\/\/www.strobl-pumpen.de\/de\/wp-json\/wp\/v2\/media?parent=1137"}],"curies":[{"name":"wp","href":"https:\/\/api.w.org\/{rel}","templated":true}]}}