{"id":1139,"date":"2021-06-08T14:01:06","date_gmt":"2021-06-08T12:01:06","guid":{"rendered":"https:\/\/www.strobl-pumpen.de\/?page_id=1139"},"modified":"2021-06-09T16:41:46","modified_gmt":"2021-06-09T14:41:46","slug":"gebaeudetechnik","status":"publish","type":"page","link":"https:\/\/www.strobl-pumpen.de\/de\/produktbereiche-uebersicht\/gebaeudetechnik\/","title":{"rendered":"Geb\u00e4udetechnik"},"content":{"rendered":"<div class=\"wpb-content-wrapper\"><p>[vc_row][vc_column][vc_column_text][\/vc_column_text][\/vc_column][\/vc_row][vc_row][vc_column][vc_column_text]<\/p>\n<h3 style=\"text-align: center;\" data-wp-editing=\"1\"><a href=\"https:\/\/www.strobl-pumpen.de\/produktbereiche-uebersicht\/\">zur\u00fcck zur \u00dcbersicht<\/a><\/h3>\n<h3 style=\"text-align: center;\" data-wp-editing=\"1\"><a href=\"https:\/\/www.strobl-pumpen.de\/produktbereiche-uebersicht\/\"><img loading=\"lazy\" decoding=\"async\" class=\"alignnone size-medium wp-image-1447 aligncenter\" src=\"https:\/\/www.strobl-pumpen.de\/wp-content\/uploads\/2021\/06\/Icon_Banner-e1623242794382.png\" alt=\"\" width=\"600\" height=\"60\" \/><\/a><\/h3>\n<p>[\/vc_column_text][vc_empty_space height=&#8220;38px&#8220;][vc_column_text]<\/p>\n<h1 style=\"text-align: center;\">Geb\u00e4udetechnik<\/h1>\n<p>[\/vc_column_text][\/vc_column][\/vc_row][vc_row][vc_column][vc_empty_space height=&#8220;28px&#8220;][\/vc_column][\/vc_row][vc_row][vc_column width=&#8220;1\/3&#8243;][vc_single_image image=&#8220;1409&#8243; img_size=&#8220;medium&#8220; alignment=&#8220;center&#8220;][\/vc_column][vc_column width=&#8220;2\/3&#8243;][vc_column_text]Die <strong>Einbaupumpen in Inlinebauweise (EBPI)<\/strong> eignen sich durch ihren direkten Einbau in Rohrleitungen und das Back-Pull-Out-System ideal f\u00fcr das Verpumpen von Fl\u00fcssigkeiten in der Geb\u00e4udetechnik. Die Pumpen wurden nach ErP-Richtlinie konstruiert und werden standardm\u00e4\u00dfig mit gegossenen Laufr\u00e4dern aus Edelstahl geliefert.<\/p>\n<ul>\n<li>Vibrations- und Temperaturbest\u00e4ndigkeit<\/li>\n<li>Vielseitige Werkstoff- und Dichtungsauswahl<\/li>\n<li>Anschl\u00fcsse f\u00fcr Druck- und Temperaturaufnehmer<\/li>\n<\/ul>\n<p>[\/vc_column_text][\/vc_column][\/vc_row][vc_row][vc_column][vc_empty_space height=&#8220;50px&#8220;][\/vc_column][\/vc_row][vc_row][vc_column width=&#8220;2\/3&#8243;][vc_column_text]Die <strong>Abwasserpumpen (AWP)<\/strong> k\u00f6nnen durch die verschiedenen\u00a0 Aufstellm\u00f6glichkeiten (trocken, \u00fcberflutbar oder nass) in allen Bereichen der Geb\u00e4udetechnik eingesetzt werden. Das Verpumpen von sauberen und\u00a0 verschmutzen Fl\u00fcssigkeiten, sowie harten Partikeln ist problemlos m\u00f6glich.<\/p>\n<p>Weitere Informationen sind im Bereich <a href=\"https:\/\/www.strobl-pumpen.de\/produktbereiche-uebersicht\/ver-und-entsorgung\/\">\u201eVer- und Entsorgung\u201c<\/a> zu finden.[\/vc_column_text][\/vc_column][vc_column width=&#8220;1\/3&#8243;][vc_single_image image=&#8220;1410&#8243; img_size=&#8220;medium&#8220; alignment=&#8220;center&#8220;][\/vc_column][\/vc_row][vc_row][vc_column][vc_empty_space height=&#8220;50px&#8220;][\/vc_column][\/vc_row][vc_row][vc_column width=&#8220;1\/3&#8243;][vc_single_image image=&#8220;1424&#8243; img_size=&#8220;medium&#8220; alignment=&#8220;center&#8220;][\/vc_column][vc_column width=&#8220;2\/3&#8243;][vc_column_text]<strong>Kellerentw\u00e4sserungspumpen (KEP)<\/strong> sind auch im Bereich der Geb\u00e4udetechnik einsetzbar. Die M\u00f6glichkeit eines kurzzeitigen Betriebs und die Unempfindlichkeit der Pumpen gegen Sand und kleine Steine sind die Voraussetzung f\u00fcr die Hauptanwendung, der Entleerung von Sch\u00e4chten.<\/p>\n<p>Weitere Informationen sind im Bereich <a href=\"https:\/\/www.strobl-pumpen.de\/produktbereiche-uebersicht\/ver-und-entsorgung\/\">\u201eVer- und Entsorgung\u201c<\/a> zu finden.[\/vc_column_text][\/vc_column][\/vc_row][vc_row][vc_column][vc_empty_space height=&#8220;50px&#8220;][\/vc_column][\/vc_row][vc_row][vc_column][vc_column_text]<a href=\"https:\/\/www.strobl-pumpen.de\/produktbereiche-uebersicht\/\"><img loading=\"lazy\" decoding=\"async\" class=\"alignnone size-medium wp-image-1447 aligncenter\" src=\"https:\/\/www.strobl-pumpen.de\/wp-content\/uploads\/2021\/06\/Icon_Banner-e1623242794382.png\" alt=\"\" width=\"600\" height=\"60\" \/><\/a>[\/vc_column_text][\/vc_column][\/vc_row][vc_row][vc_column][vc_column_text][\/vc_column_text][\/vc_column][\/vc_row]<\/p>\n<\/div>","protected":false},"excerpt":{"rendered":"<p>[vc_row][vc_column][vc_column_text][\/vc_column_text][\/vc_column][\/vc_row][vc_row][vc_column][vc_column_text] zur\u00fcck zur \u00dcbersicht [\/vc_column_text][vc_empty_space height=&#8220;38px&#8220;][vc_column_text] Geb\u00e4udetechnik [\/vc_column_text][\/vc_column][\/vc_row][vc_row][vc_column][vc_empty_space height=&#8220;28px&#8220;][\/vc_column][\/vc_row][vc_row][vc_column width=&#8220;1\/3&#8243;][vc_single_image image=&#8220;1409&#8243; img_size=&#8220;medium&#8220; alignment=&#8220;center&#8220;][\/vc_column][vc_column width=&#8220;2\/3&#8243;][vc_column_text]Die Einbaupumpen in Inlinebauweise (EBPI) eignen sich durch ihren direkten Einbau in Rohrleitungen und das Back-Pull-Out-System ideal f\u00fcr das Verpumpen von Fl\u00fcssigkeiten in der Geb\u00e4udetechnik. Die Pumpen wurden nach ErP-Richtlinie konstruiert und werden standardm\u00e4\u00dfig mit gegossenen Laufr\u00e4dern aus Edelstahl geliefert. Vibrations- und [&hellip;]<\/p>\n","protected":false},"author":1,"featured_media":0,"parent":1135,"menu_order":0,"comment_status":"closed","ping_status":"closed","template":"","meta":{"footnotes":""},"class_list":["post-1139","page","type-page","status-publish","hentry"],"_links":{"self":[{"href":"https:\/\/www.strobl-pumpen.de\/de\/wp-json\/wp\/v2\/pages\/1139","targetHints":{"allow":["GET"]}}],"collection":[{"href":"https:\/\/www.strobl-pumpen.de\/de\/wp-json\/wp\/v2\/pages"}],"about":[{"href":"https:\/\/www.strobl-pumpen.de\/de\/wp-json\/wp\/v2\/types\/page"}],"author":[{"embeddable":true,"href":"https:\/\/www.strobl-pumpen.de\/de\/wp-json\/wp\/v2\/users\/1"}],"replies":[{"embeddable":true,"href":"https:\/\/www.strobl-pumpen.de\/de\/wp-json\/wp\/v2\/comments?post=1139"}],"version-history":[{"count":38,"href":"https:\/\/www.strobl-pumpen.de\/de\/wp-json\/wp\/v2\/pages\/1139\/revisions"}],"predecessor-version":[{"id":1377,"href":"https:\/\/www.strobl-pumpen.de\/de\/wp-json\/wp\/v2\/pages\/1139\/revisions\/1377"}],"up":[{"embeddable":true,"href":"https:\/\/www.strobl-pumpen.de\/de\/wp-json\/wp\/v2\/pages\/1135"}],"wp:attachment":[{"href":"https:\/\/www.strobl-pumpen.de\/de\/wp-json\/wp\/v2\/media?parent=1139"}],"curies":[{"name":"wp","href":"https:\/\/api.w.org\/{rel}","templated":true}]}}