{"id":1258,"date":"2021-06-08T14:00:05","date_gmt":"2021-06-08T12:00:05","guid":{"rendered":"https:\/\/www.strobl-pumpen.de\/?page_id=1258"},"modified":"2021-06-09T17:34:26","modified_gmt":"2021-06-09T15:34:26","slug":"medizin-pharma-lebensmittel","status":"publish","type":"page","link":"https:\/\/www.strobl-pumpen.de\/de\/produktbereiche-uebersicht\/medizin-pharma-lebensmittel\/","title":{"rendered":"Medizin, Pharma &#038; Lebensmittel"},"content":{"rendered":"<div class=\"wpb-content-wrapper\"><p>[vc_row][vc_column][vc_column_text][\/vc_column_text][\/vc_column][\/vc_row][vc_row][vc_column][vc_column_text]<\/p>\n<h3 style=\"text-align: center;\" data-wp-editing=\"1\"><a href=\"https:\/\/www.strobl-pumpen.de\/produktbereiche-uebersicht\/\">zur\u00fcck zur \u00dcbersicht<\/a><\/h3>\n<h3 style=\"text-align: center;\" data-wp-editing=\"1\"><a href=\"https:\/\/www.strobl-pumpen.de\/produktbereiche-uebersicht\/\"><img loading=\"lazy\" decoding=\"async\" class=\"alignnone size-medium wp-image-1447 aligncenter\" src=\"https:\/\/www.strobl-pumpen.de\/wp-content\/uploads\/2021\/06\/Icon_Banner-e1623242794382.png\" alt=\"\" width=\"600\" height=\"60\" \/><\/a><\/h3>\n<p>[\/vc_column_text][vc_empty_space height=&#8220;38px&#8220;][vc_column_text]<\/p>\n<h1 style=\"text-align: center;\">Medizin, Pharma &amp; Lebensmittel<\/h1>\n<p>[\/vc_column_text][\/vc_column][\/vc_row][vc_row][vc_column][vc_empty_space height=&#8220;28px&#8220;][\/vc_column][\/vc_row][vc_row][vc_column width=&#8220;2\/3&#8243;][vc_column_text]Unsere <strong>Einbaupumpen der Baureihe ME<\/strong> k\u00f6nnen in diesem Bereich eingesetzt werden. Unsere hochwertigen, aus Vollmaterial gefr\u00e4sten Pumpen dieser Baureihe bieten hier zahlreiche Vorteile.<\/p>\n<p>Weitere Informationen sind im Bereich <a href=\"https:\/\/www.strobl-pumpen.de\/produktbereiche-uebersicht\/reinigen-waschen-umwelt\/\">\u201eReinigen, Waschen, Umwelt\u201c<\/a> zu finden.[\/vc_column_text][\/vc_column][vc_column width=&#8220;1\/3&#8243;][vc_images_carousel images=&#8220;1422,1423&#8243; img_size=&#8220;medium&#8220; onclick=&#8220;link_no&#8220; speed=&#8220;4000&#8243; autoplay=&#8220;yes&#8220; hide_pagination_control=&#8220;yes&#8220; hide_prev_next_buttons=&#8220;yes&#8220; wrap=&#8220;yes&#8220;][\/vc_column][\/vc_row][vc_row][vc_column][vc_empty_space height=&#8220;50px&#8220;][\/vc_column][\/vc_row][vc_row][vc_column width=&#8220;1\/3&#8243;][vc_single_image image=&#8220;1421&#8243; img_size=&#8220;medium&#8220; alignment=&#8220;center&#8220;][\/vc_column][vc_column width=&#8220;2\/3&#8243;][vc_column_text]In der <strong>Baureihe EBP<\/strong> gibt es Pumpenvarianten in Hygieneausf\u00fchrung. Diese Pumpen eignen sich f\u00fcr saubere Medien und zeichnen sich durch eine offene Struktur zur r\u00fcckstandslosen Restentleerung, sowie Oberfl\u00e4chen mit geringen Rautiefen aus.<\/p>\n<ul>\n<li>Elektropolierung mediumber\u00fchrter Oberfl\u00e4chen<\/li>\n<li>Offene Laufr\u00e4der und Hygieneanschl\u00fcsse<\/li>\n<li>Edelstahl als Standardausf\u00fchrung<\/li>\n<li>FDA Zulassung<\/li>\n<\/ul>\n<p>[\/vc_column_text][\/vc_column][\/vc_row][vc_row][vc_column][vc_empty_space height=&#8220;50px&#8220;][\/vc_column][\/vc_row][vc_row][vc_column][vc_column_text]<a href=\"https:\/\/www.strobl-pumpen.de\/produktbereiche-uebersicht\/\"> <img loading=\"lazy\" decoding=\"async\" class=\"alignnone size-medium wp-image-1447 aligncenter\" src=\"https:\/\/www.strobl-pumpen.de\/wp-content\/uploads\/2021\/06\/Icon_Banner-e1623242794382.png\" alt=\"\" width=\"600\" height=\"60\" \/><\/a>[\/vc_column_text][\/vc_column][\/vc_row][vc_row][vc_column][vc_column_text][\/vc_column_text][\/vc_column][\/vc_row]<\/p>\n<\/div>","protected":false},"excerpt":{"rendered":"<p>[vc_row][vc_column][vc_column_text][\/vc_column_text][\/vc_column][\/vc_row][vc_row][vc_column][vc_column_text] zur\u00fcck zur \u00dcbersicht [\/vc_column_text][vc_empty_space height=&#8220;38px&#8220;][vc_column_text] Medizin, Pharma &amp; Lebensmittel [\/vc_column_text][\/vc_column][\/vc_row][vc_row][vc_column][vc_empty_space height=&#8220;28px&#8220;][\/vc_column][\/vc_row][vc_row][vc_column width=&#8220;2\/3&#8243;][vc_column_text]Unsere Einbaupumpen der Baureihe ME k\u00f6nnen in diesem Bereich eingesetzt werden. Unsere hochwertigen, aus Vollmaterial gefr\u00e4sten Pumpen dieser Baureihe bieten hier zahlreiche Vorteile. Weitere Informationen sind im Bereich \u201eReinigen, Waschen, Umwelt\u201c zu finden.[\/vc_column_text][\/vc_column][vc_column width=&#8220;1\/3&#8243;][vc_images_carousel images=&#8220;1422,1423&#8243; img_size=&#8220;medium&#8220; onclick=&#8220;link_no&#8220; speed=&#8220;4000&#8243; autoplay=&#8220;yes&#8220; hide_pagination_control=&#8220;yes&#8220; hide_prev_next_buttons=&#8220;yes&#8220; wrap=&#8220;yes&#8220;][\/vc_column][\/vc_row][vc_row][vc_column][vc_empty_space height=&#8220;50px&#8220;][\/vc_column][\/vc_row][vc_row][vc_column [&hellip;]<\/p>\n","protected":false},"author":1,"featured_media":0,"parent":1135,"menu_order":0,"comment_status":"closed","ping_status":"closed","template":"","meta":{"footnotes":""},"class_list":["post-1258","page","type-page","status-publish","hentry"],"_links":{"self":[{"href":"https:\/\/www.strobl-pumpen.de\/de\/wp-json\/wp\/v2\/pages\/1258","targetHints":{"allow":["GET"]}}],"collection":[{"href":"https:\/\/www.strobl-pumpen.de\/de\/wp-json\/wp\/v2\/pages"}],"about":[{"href":"https:\/\/www.strobl-pumpen.de\/de\/wp-json\/wp\/v2\/types\/page"}],"author":[{"embeddable":true,"href":"https:\/\/www.strobl-pumpen.de\/de\/wp-json\/wp\/v2\/users\/1"}],"replies":[{"embeddable":true,"href":"https:\/\/www.strobl-pumpen.de\/de\/wp-json\/wp\/v2\/comments?post=1258"}],"version-history":[{"count":8,"href":"https:\/\/www.strobl-pumpen.de\/de\/wp-json\/wp\/v2\/pages\/1258\/revisions"}],"predecessor-version":[{"id":1481,"href":"https:\/\/www.strobl-pumpen.de\/de\/wp-json\/wp\/v2\/pages\/1258\/revisions\/1481"}],"up":[{"embeddable":true,"href":"https:\/\/www.strobl-pumpen.de\/de\/wp-json\/wp\/v2\/pages\/1135"}],"wp:attachment":[{"href":"https:\/\/www.strobl-pumpen.de\/de\/wp-json\/wp\/v2\/media?parent=1258"}],"curies":[{"name":"wp","href":"https:\/\/api.w.org\/{rel}","templated":true}]}}