{"id":1260,"date":"2021-06-08T13:59:43","date_gmt":"2021-06-08T11:59:43","guid":{"rendered":"https:\/\/www.strobl-pumpen.de\/?page_id=1260"},"modified":"2021-06-09T17:17:42","modified_gmt":"2021-06-09T15:17:42","slug":"industrie-anlagenbau","status":"publish","type":"page","link":"https:\/\/www.strobl-pumpen.de\/de\/produktbereiche-uebersicht\/industrie-anlagenbau\/","title":{"rendered":"Industrie &#038; Anlagenbau"},"content":{"rendered":"<div class=\"wpb-content-wrapper\"><p>[vc_row][vc_column][vc_column_text][\/vc_column_text][\/vc_column][\/vc_row][vc_row][vc_column][vc_column_text]<\/p>\n<h3 style=\"text-align: center;\" data-wp-editing=\"1\"><a href=\"https:\/\/www.strobl-pumpen.de\/produktbereiche-uebersicht\/\">zur\u00fcck zur \u00dcbersicht<\/a><\/h3>\n<h3 style=\"text-align: center;\" data-wp-editing=\"1\"><a href=\"https:\/\/www.strobl-pumpen.de\/produktbereiche-uebersicht\/\"><img loading=\"lazy\" decoding=\"async\" class=\"alignnone size-medium wp-image-1447 aligncenter\" src=\"https:\/\/www.strobl-pumpen.de\/wp-content\/uploads\/2021\/06\/Icon_Banner-e1623242794382.png\" alt=\"\" width=\"600\" height=\"60\" \/><\/a><\/h3>\n<p>[\/vc_column_text][vc_empty_space height=&#8220;38px&#8220;][vc_column_text]<\/p>\n<h1 style=\"text-align: center;\">Industrie &amp; Anlagenbau<\/h1>\n<p>[\/vc_column_text][\/vc_column][\/vc_row][vc_row][vc_column][vc_empty_space height=&#8220;28px&#8220;][\/vc_column][\/vc_row][vc_row][vc_column width=&#8220;2\/3&#8243;][vc_column_text]Alle <strong>Chemienormpumpen der Baureihe CNP<\/strong> entsprechen den Abmessungen\u00a0 und Leistungszuordnungen gem\u00e4\u00df ISO 2858. Alle Baugr\u00f6\u00dfen sind als\u00a0 Einzelpumpe bis hin zu Gesamtsystemen auf Grundrahmen inklusive Motor lieferbar.<\/p>\n<ul>\n<li>Sehr hohe Wirkungsgrade<\/li>\n<li>Geschlossene mehrschauflige Laufr\u00e4der<\/li>\n<li>Langlebige \u00f6lgeschmierte Lagerung<\/li>\n<li>Variante CNPVS eintauchbar mit Zwischenrohr und Aufsetzplatte<\/li>\n<\/ul>\n<p>[\/vc_column_text][\/vc_column][vc_column width=&#8220;1\/3&#8243;][vc_single_image image=&#8220;1393&#8243; img_size=&#8220;medium&#8220; alignment=&#8220;center&#8220;][\/vc_column][\/vc_row][vc_row][vc_column][vc_empty_space height=&#8220;50px&#8220;][\/vc_column][\/vc_row][vc_row][vc_column width=&#8220;1\/3&#8243;][vc_single_image image=&#8220;1416&#8243; img_size=&#8220;medium&#8220; alignment=&#8220;center&#8220;][\/vc_column][vc_column width=&#8220;2\/3&#8243;][vc_column_text]F\u00fcr die vertikale Entleerung von Tanks und Beh\u00e4ltern eignen sich unsere <strong>Eintauchpumpen der Baureihe ETP<\/strong> sehr gut.<\/p>\n<ul>\n<li>F\u00fchrungslager aus Siliziumcarbid<\/li>\n<li>Mediumgeschmierte Gleitlager<\/li>\n<li>Mehrstufige Varianten f\u00fcr hohe F\u00f6rderh\u00f6hen<\/li>\n<li>Horizontale Druckstutzen oberhalb der Aufsetzplatte<\/li>\n<\/ul>\n<p>[\/vc_column_text][\/vc_column][\/vc_row][vc_row][vc_column][vc_empty_space height=&#8220;50px&#8220;][\/vc_column][\/vc_row][vc_row][vc_column width=&#8220;2\/3&#8243;][vc_column_text]Auch im Bereich Industrie und Anlagenbau k\u00f6nnen unsere <strong>Abwasserpumpen der Baureihen AWP<\/strong> eingesetzt werden. Durch die unterschiedlichen Baugr\u00f6\u00dfen, korrosionsresistente Materialien und Dichtungsvarianten, z. B. f\u00fcr Hochdruck, ergeben sich gro\u00dfe Einsatzm\u00f6glichkeiten.<\/p>\n<p>Weitere Informationen zu dieser Baureihe befinden sich im Bereich <a href=\"https:\/\/www.strobl-pumpen.de\/produktbereiche-uebersicht\/ver-und-entsorgung\/\">\u201eVer- und Entsorgung\u201c<\/a>.<\/p>\n<ul>\n<li>Hohe Verschlei\u00dffestigkeit<\/li>\n<li>Geh\u00e4usebaudruck bis 40 bar<\/li>\n<li>Abdichtungsm\u00f6glichkeit durch Magnetkupplung<\/li>\n<\/ul>\n<p>[\/vc_column_text][\/vc_column][vc_column width=&#8220;1\/3&#8243;][vc_single_image image=&#8220;1417&#8243; img_size=&#8220;medium&#8220; alignment=&#8220;center&#8220;][\/vc_column][\/vc_row][vc_row][vc_column][vc_empty_space height=&#8220;50px&#8220;][\/vc_column][\/vc_row][vc_row][vc_column width=&#8220;1\/3&#8243;][vc_single_image image=&#8220;1418&#8243; img_size=&#8220;medium&#8220; alignment=&#8220;center&#8220;][\/vc_column][vc_column width=&#8220;2\/3&#8243;][vc_column_text]Durch h\u00e4ufig beengte Verh\u00e4ltnisse im Anlagenbau, bieten sich hier M\u00f6glichkeiten f\u00fcr unsere <strong>Einbaupumpen der Serie EBP<\/strong>.<\/p>\n<ul>\n<li>Kompakte Bauform<\/li>\n<li>Offene Laufr\u00e4der<\/li>\n<li>Mehrstufige Varianten f\u00fcr gr\u00f6\u00dfere F\u00f6rderh\u00f6hen<\/li>\n<li>Sondervarianten bis 200 bar<\/li>\n<\/ul>\n<p>[\/vc_column_text][\/vc_column][\/vc_row][vc_row][vc_column][vc_empty_space height=&#8220;50px&#8220;][\/vc_column][\/vc_row][vc_row][vc_column][vc_column_text]<a href=\"https:\/\/www.strobl-pumpen.de\/produktbereiche-uebersicht\/\"> <img loading=\"lazy\" decoding=\"async\" class=\"alignnone size-medium wp-image-1447 aligncenter\" src=\"https:\/\/www.strobl-pumpen.de\/wp-content\/uploads\/2021\/06\/Icon_Banner-e1623242794382.png\" alt=\"\" width=\"600\" height=\"60\" \/><\/a>[\/vc_column_text][\/vc_column][\/vc_row][vc_row][vc_column][vc_column_text][\/vc_column_text][\/vc_column][\/vc_row]<\/p>\n<\/div>","protected":false},"excerpt":{"rendered":"<p>[vc_row][vc_column][vc_column_text][\/vc_column_text][\/vc_column][\/vc_row][vc_row][vc_column][vc_column_text] zur\u00fcck zur \u00dcbersicht [\/vc_column_text][vc_empty_space height=&#8220;38px&#8220;][vc_column_text] Industrie &amp; Anlagenbau [\/vc_column_text][\/vc_column][\/vc_row][vc_row][vc_column][vc_empty_space height=&#8220;28px&#8220;][\/vc_column][\/vc_row][vc_row][vc_column width=&#8220;2\/3&#8243;][vc_column_text]Alle Chemienormpumpen der Baureihe CNP entsprechen den Abmessungen\u00a0 und Leistungszuordnungen gem\u00e4\u00df ISO 2858. Alle Baugr\u00f6\u00dfen sind als\u00a0 Einzelpumpe bis hin zu Gesamtsystemen auf Grundrahmen inklusive Motor lieferbar. Sehr hohe Wirkungsgrade Geschlossene mehrschauflige Laufr\u00e4der Langlebige \u00f6lgeschmierte Lagerung Variante CNPVS eintauchbar mit Zwischenrohr und Aufsetzplatte [\/vc_column_text][\/vc_column][vc_column [&hellip;]<\/p>\n","protected":false},"author":1,"featured_media":0,"parent":1135,"menu_order":0,"comment_status":"closed","ping_status":"closed","template":"","meta":{"footnotes":""},"class_list":["post-1260","page","type-page","status-publish","hentry"],"_links":{"self":[{"href":"https:\/\/www.strobl-pumpen.de\/de\/wp-json\/wp\/v2\/pages\/1260","targetHints":{"allow":["GET"]}}],"collection":[{"href":"https:\/\/www.strobl-pumpen.de\/de\/wp-json\/wp\/v2\/pages"}],"about":[{"href":"https:\/\/www.strobl-pumpen.de\/de\/wp-json\/wp\/v2\/types\/page"}],"author":[{"embeddable":true,"href":"https:\/\/www.strobl-pumpen.de\/de\/wp-json\/wp\/v2\/users\/1"}],"replies":[{"embeddable":true,"href":"https:\/\/www.strobl-pumpen.de\/de\/wp-json\/wp\/v2\/comments?post=1260"}],"version-history":[{"count":7,"href":"https:\/\/www.strobl-pumpen.de\/de\/wp-json\/wp\/v2\/pages\/1260\/revisions"}],"predecessor-version":[{"id":1479,"href":"https:\/\/www.strobl-pumpen.de\/de\/wp-json\/wp\/v2\/pages\/1260\/revisions\/1479"}],"up":[{"embeddable":true,"href":"https:\/\/www.strobl-pumpen.de\/de\/wp-json\/wp\/v2\/pages\/1135"}],"wp:attachment":[{"href":"https:\/\/www.strobl-pumpen.de\/de\/wp-json\/wp\/v2\/media?parent=1260"}],"curies":[{"name":"wp","href":"https:\/\/api.w.org\/{rel}","templated":true}]}}