{"id":1262,"date":"2021-06-08T13:59:31","date_gmt":"2021-06-08T11:59:31","guid":{"rendered":"https:\/\/www.strobl-pumpen.de\/?page_id=1262"},"modified":"2021-06-09T17:05:36","modified_gmt":"2021-06-09T15:05:36","slug":"chemie-petrochemie","status":"publish","type":"page","link":"https:\/\/www.strobl-pumpen.de\/de\/produktbereiche-uebersicht\/chemie-petrochemie\/","title":{"rendered":"Chemie &#038; Petrochemie"},"content":{"rendered":"<div class=\"wpb-content-wrapper\"><p>[vc_row][vc_column][vc_column_text][\/vc_column_text][\/vc_column][\/vc_row][vc_row][vc_column][vc_column_text]<\/p>\n<h3 style=\"text-align: center;\" data-wp-editing=\"1\"><a href=\"https:\/\/www.strobl-pumpen.de\/produktbereiche-uebersicht\/\">zur\u00fcck zur \u00dcbersicht<\/a><\/h3>\n<h3 style=\"text-align: center;\" data-wp-editing=\"1\"><a href=\"https:\/\/www.strobl-pumpen.de\/produktbereiche-uebersicht\/\"><img loading=\"lazy\" decoding=\"async\" class=\"alignnone size-medium wp-image-1447 aligncenter\" src=\"https:\/\/www.strobl-pumpen.de\/wp-content\/uploads\/2021\/06\/Icon_Banner-e1623242794382.png\" alt=\"\" width=\"600\" height=\"60\" \/><\/a><\/h3>\n<p>[\/vc_column_text][vc_empty_space height=&#8220;38px&#8220;][vc_column_text]<\/p>\n<h1 style=\"text-align: center;\">Chemie &amp; Petrochemie<\/h1>\n<p>[\/vc_column_text][\/vc_column][\/vc_row][vc_row][vc_column][vc_empty_space height=&#8220;28px&#8220;][\/vc_column][\/vc_row][vc_row][vc_column width=&#8220;2\/3&#8243;][vc_column_text]F\u00fcr den Bereich Chemie und Petrochemie eignet sich unsere <strong>Chemienormpumpe der Baureihe CNP<\/strong> ideal. Die Abmessungen und\u00a0 Leistungszuordnung sind gem\u00e4\u00df ISO 2858. Verschiedene Ausf\u00fchrungen von Standard, \u00fcber ISO 5199 bis hin zu API 610-OH1 sind m\u00f6glich. Die\u00a0 Liefervarianten erstrecken sich von Einzelpumpen mit freiem Wellenende bis\u00a0 hin zu Gesamtsystemen mit Grundrahmen, Motor und allem notwendigen Zubeh\u00f6r.<\/p>\n<ul>\n<li>Vielseitige Werkstoffauswahl auch f\u00fcr hochkorrosive Medien<\/li>\n<li>Verschiedene Dichtungsvarianten (Direkteinbau, Cartridge oder magnetgekuppelt)<\/li>\n<li>Sehr hohe Wirkungsgrade<\/li>\n<li>Niedrige NPSH-Werte durch Einbaum\u00f6glichkeit f\u00fcr Inducer<\/li>\n<\/ul>\n<p>[\/vc_column_text][\/vc_column][vc_column width=&#8220;1\/3&#8243;][vc_single_image image=&#8220;1393&#8243; img_size=&#8220;medium&#8220; alignment=&#8220;center&#8220;][\/vc_column][\/vc_row][vc_row][vc_column][vc_empty_space height=&#8220;50px&#8220;][\/vc_column][\/vc_row][vc_row][vc_column width=&#8220;1\/3&#8243;][vc_images_carousel images=&#8220;1397,1398&#8243; img_size=&#8220;medium&#8220; onclick=&#8220;link_no&#8220; speed=&#8220;4000&#8243; autoplay=&#8220;yes&#8220; hide_pagination_control=&#8220;yes&#8220; hide_prev_next_buttons=&#8220;yes&#8220; wrap=&#8220;yes&#8220;][\/vc_column][vc_column width=&#8220;2\/3&#8243;][vc_column_text]Die vertikalen <strong>Inlinepumpen der Baureihe INP<\/strong> zeichnen sich durch\u00a0 platzsparende Aufstellm\u00f6glichkeiten aus. Die Pumpen eignen sich f\u00fcr saubere Fl\u00fcssigkeiten und k\u00f6nnen auch vollst\u00e4ndig nach API 610-OH3 bzw. OH4 ausgef\u00fchrt werden.<\/p>\n<ul>\n<li>Anordnung der Stutzen auf gleicher H\u00f6he und Rotation in 90\u00b0-Schritten<\/li>\n<li>Back-pull-out-System bei allen Varianten<\/li>\n<li>Verschiedene Dichtungs- und Werkstoffkombinationen<\/li>\n<li>Auswechselbare Spalt- und Laufringe<\/li>\n<\/ul>\n<p>[\/vc_column_text][\/vc_column][\/vc_row][vc_row][vc_column][vc_empty_space height=&#8220;50px&#8220;][\/vc_column][\/vc_row][vc_row][vc_column width=&#8220;2\/3&#8243;][vc_column_text]Pumpen der <strong>Baureihen CPP sind horizontale Prozesspumpen<\/strong>, die die F\u00fc\u00dfe auf Achsmitte positioniert haben. Eine Ausf\u00fchrung nach ISO 5199-Familie 3 oder API 610-OH2 ist lieferbar, zudem kann diese Baureihe als Eintauchvariante mit Zwischenrohr und Aufsetzplatte (CPPVS) gefertigt werden.<\/p>\n<ul>\n<li>M\u00f6glichkeit verschiedener Dichtungsvarianten und\u00a0 hochkorrosionsbest\u00e4ndiger Materialien<\/li>\n<li>Saugst\u00fcck mit gefr\u00e4sten str\u00f6mungsoptimierten Str\u00f6mungsstegen<\/li>\n<li>Systemdr\u00fccke bis 40 bar als Standard<\/li>\n<li>Auswechselbare Spalt- und Laufringe<\/li>\n<\/ul>\n<p>[\/vc_column_text][\/vc_column][vc_column width=&#8220;1\/3&#8243;][vc_single_image image=&#8220;1399&#8243; img_size=&#8220;medium&#8220; alignment=&#8220;center&#8220;][\/vc_column][\/vc_row][vc_row][vc_column][vc_empty_space height=&#8220;50px&#8220;][\/vc_column][\/vc_row][vc_row][vc_column width=&#8220;1\/3&#8243;][vc_single_image image=&#8220;1400&#8243; img_size=&#8220;medium&#8220; alignment=&#8220;center&#8220;][\/vc_column][vc_column width=&#8220;2\/3&#8243;][vc_column_text]Mehrstufige <strong>Kreiselpumpen der Baureihe SKP<\/strong> sind horizontal und vertikal einsetzbar. Diese Baureihe ist f\u00fcr hohe Systemdr\u00fccke bis 250 bar sehr gut geeignet. Verschiedene Ausf\u00fchrung nach API 610-BB4\/BB5 sind m\u00f6glich.<\/p>\n<ul>\n<li>Reduzierung der Axiallagerlasten durch Druckumkehrstufe<\/li>\n<li>Innenliegende SiC-Gleitlager<\/li>\n<li>Vielf\u00e4ltige Werkstoffe- und Dichtungsvarianten<\/li>\n<\/ul>\n<p>[\/vc_column_text][\/vc_column][\/vc_row][vc_row][vc_column][vc_empty_space height=&#8220;50px&#8220;][\/vc_column][\/vc_row][vc_row][vc_column][vc_column_text]<a href=\"https:\/\/www.strobl-pumpen.de\/produktbereiche-uebersicht\/\"> <img loading=\"lazy\" decoding=\"async\" class=\"alignnone size-medium wp-image-1447 aligncenter\" src=\"https:\/\/www.strobl-pumpen.de\/wp-content\/uploads\/2021\/06\/Icon_Banner-e1623242794382.png\" alt=\"\" width=\"600\" height=\"60\" \/><\/a>[\/vc_column_text][\/vc_column][\/vc_row][vc_row][vc_column][vc_column_text][\/vc_column_text][\/vc_column][\/vc_row]<\/p>\n<\/div>","protected":false},"excerpt":{"rendered":"<p>[vc_row][vc_column][vc_column_text][\/vc_column_text][\/vc_column][\/vc_row][vc_row][vc_column][vc_column_text] zur\u00fcck zur \u00dcbersicht [\/vc_column_text][vc_empty_space height=&#8220;38px&#8220;][vc_column_text] Chemie &amp; Petrochemie [\/vc_column_text][\/vc_column][\/vc_row][vc_row][vc_column][vc_empty_space height=&#8220;28px&#8220;][\/vc_column][\/vc_row][vc_row][vc_column width=&#8220;2\/3&#8243;][vc_column_text]F\u00fcr den Bereich Chemie und Petrochemie eignet sich unsere Chemienormpumpe der Baureihe CNP ideal. Die Abmessungen und\u00a0 Leistungszuordnung sind gem\u00e4\u00df ISO 2858. Verschiedene Ausf\u00fchrungen von Standard, \u00fcber ISO 5199 bis hin zu API 610-OH1 sind m\u00f6glich. Die\u00a0 Liefervarianten erstrecken sich von Einzelpumpen mit freiem [&hellip;]<\/p>\n","protected":false},"author":1,"featured_media":0,"parent":1135,"menu_order":0,"comment_status":"closed","ping_status":"closed","template":"","meta":{"footnotes":""},"class_list":["post-1262","page","type-page","status-publish","hentry"],"_links":{"self":[{"href":"https:\/\/www.strobl-pumpen.de\/de\/wp-json\/wp\/v2\/pages\/1262","targetHints":{"allow":["GET"]}}],"collection":[{"href":"https:\/\/www.strobl-pumpen.de\/de\/wp-json\/wp\/v2\/pages"}],"about":[{"href":"https:\/\/www.strobl-pumpen.de\/de\/wp-json\/wp\/v2\/types\/page"}],"author":[{"embeddable":true,"href":"https:\/\/www.strobl-pumpen.de\/de\/wp-json\/wp\/v2\/users\/1"}],"replies":[{"embeddable":true,"href":"https:\/\/www.strobl-pumpen.de\/de\/wp-json\/wp\/v2\/comments?post=1262"}],"version-history":[{"count":18,"href":"https:\/\/www.strobl-pumpen.de\/de\/wp-json\/wp\/v2\/pages\/1262\/revisions"}],"predecessor-version":[{"id":1375,"href":"https:\/\/www.strobl-pumpen.de\/de\/wp-json\/wp\/v2\/pages\/1262\/revisions\/1375"}],"up":[{"embeddable":true,"href":"https:\/\/www.strobl-pumpen.de\/de\/wp-json\/wp\/v2\/pages\/1135"}],"wp:attachment":[{"href":"https:\/\/www.strobl-pumpen.de\/de\/wp-json\/wp\/v2\/media?parent=1262"}],"curies":[{"name":"wp","href":"https:\/\/api.w.org\/{rel}","templated":true}]}}