{"id":1264,"date":"2021-06-08T14:00:16","date_gmt":"2021-06-08T12:00:16","guid":{"rendered":"https:\/\/www.strobl-pumpen.de\/?page_id=1264"},"modified":"2021-06-09T18:01:42","modified_gmt":"2021-06-09T16:01:42","slug":"offshore","status":"publish","type":"page","link":"https:\/\/www.strobl-pumpen.de\/de\/produktbereiche-uebersicht\/offshore\/","title":{"rendered":"Offshore"},"content":{"rendered":"<div class=\"wpb-content-wrapper\"><p>[vc_row][vc_column][vc_column_text][\/vc_column_text][\/vc_column][\/vc_row][vc_row][vc_column][vc_column_text]<\/p>\n<h3 style=\"text-align: center;\" data-wp-editing=\"1\"><a href=\"https:\/\/www.strobl-pumpen.de\/produktbereiche-uebersicht\/\">zur\u00fcck zur \u00dcbersicht<\/a><\/h3>\n<h3 style=\"text-align: center;\" data-wp-editing=\"1\"><a href=\"https:\/\/www.strobl-pumpen.de\/produktbereiche-uebersicht\/\"><img loading=\"lazy\" decoding=\"async\" class=\"alignnone size-medium wp-image-1447 aligncenter\" src=\"https:\/\/www.strobl-pumpen.de\/wp-content\/uploads\/2021\/06\/Icon_Banner-e1623242794382.png\" alt=\"\" width=\"600\" height=\"60\" \/><\/a><\/h3>\n<p>[\/vc_column_text][vc_empty_space height=&#8220;38px&#8220;][vc_column_text]<\/p>\n<h1 style=\"text-align: center;\">Offshore<\/h1>\n<p>[\/vc_column_text][\/vc_column][\/vc_row][vc_row][vc_column][vc_empty_space height=&#8220;28px&#8220;][\/vc_column][\/vc_row][vc_row][vc_column width=&#8220;1\/3&#8243;][vc_single_image image=&#8220;1416&#8243; img_size=&#8220;medium&#8220; alignment=&#8220;center&#8220;][\/vc_column][vc_column width=&#8220;2\/3&#8243;][vc_column_text]F\u00fcr einen vertikalen Einbau eigenen sich unsere <strong>Eintauchpumpen der Baureihe ETP<\/strong> sehr gut. Diese Pumpenbaureihe entspricht der Bauform API 610-VS1 bzw. ISO 5199-Familie 10\/12, somit k\u00f6nnen die Pumpen vollst\u00e4ndig nach API 610 ausgef\u00fchrt werden.<\/p>\n<ul>\n<li>Einbaul\u00e4nge variabel<\/li>\n<li>Mediumgeschmierte Gleitlager<\/li>\n<li>F\u00fchrungslager in den Zwischenrohren aus Siliziumcarbid<\/li>\n<li>Horizontaler Druckstutzen oberhalb der Aufsetzplatte<\/li>\n<li>Verschiedene Werkstoff- und Dichtungsvarianten<\/li>\n<\/ul>\n<p>[\/vc_column_text][\/vc_column][\/vc_row][vc_row][vc_column][vc_empty_space height=&#8220;50px&#8220;][\/vc_column][\/vc_row][vc_row][vc_column width=&#8220;2\/3&#8243;][vc_column_text]Unsere <strong>Chemienormpumpen der Baureihe CNP<\/strong> k\u00f6nnen auch in diesem Bereich eingesetzt werden. Ausf\u00fchrungen sind nach API 610-OH1 oder ISO 5199 m\u00f6glich.<\/p>\n<p>Weitere Informationen zur Pumpenbaureihe sind im Bereich <a href=\"https:\/\/www.strobl-pumpen.de\/produktbereiche-uebersicht\/chemie-petrochemie\/\">\u201eChemie &amp; Petrochemie\u201c<\/a> zu finden.[\/vc_column_text][\/vc_column][vc_column width=&#8220;1\/3&#8243;][vc_single_image image=&#8220;1432&#8243; img_size=&#8220;medium&#8220; alignment=&#8220;center&#8220;][\/vc_column][\/vc_row][vc_row][vc_column][vc_empty_space height=&#8220;50px&#8220;][\/vc_column][\/vc_row][vc_row][vc_column width=&#8220;1\/3&#8243;][vc_single_image image=&#8220;1399&#8243; img_size=&#8220;medium&#8220; alignment=&#8220;center&#8220;][\/vc_column][vc_column width=&#8220;2\/3&#8243;][vc_column_text]Die <strong>Prozesspumpen der Baureihe CPP<\/strong> zeichnen sich durch ihre horizontale Bauweise aus, au\u00dferdem befinden sich die F\u00fc\u00dfe auf Achsmitte somit kann eine Ausf\u00fchrung nach API 610-OH2 oder ISO 5199-Familie 3 problemlos erfolgen. Die Pumpen sind standardm\u00e4\u00dfig f\u00fcr Systemdr\u00fccke von 40 bar ausgelegt, h\u00f6here Dr\u00fccke sind m\u00f6glich. Als Eintauchvariante mit Zwischenrohr und Aufsetzplatte ist unsere CPPVS lieferbar.<\/p>\n<ul>\n<li>Vielseitige Werkstoff- und Dichtungsauswahl auch f\u00fcr hochkorrosive Medien<\/li>\n<li>Hohe Wirkungsgrade<\/li>\n<li>Einbaum\u00f6glichkeit f\u00fcr Inducer f\u00fcr niedrige NPSH-Werte<\/li>\n<li>Lagerabdichtung auch mit ber\u00fchrungslosen Labyrinthen<\/li>\n<\/ul>\n<p>[\/vc_column_text][\/vc_column][\/vc_row][vc_row][vc_column][vc_empty_space height=&#8220;50px&#8220;][\/vc_column][\/vc_row][vc_row][vc_column width=&#8220;2\/3&#8243;][vc_column_text]<strong>Inlinepumpen der Baureihe INP<\/strong> sind in diesem Einsatzgebiet vielseitig nutzbar. Die Pumpen zeichnen sich durch ihre platzsparende Aufstellm\u00f6glichkeit aus und k\u00f6nnen vollst\u00e4ndig nach API 610-OH3 bzw. OH4 gefertigt werden.<\/p>\n<p>Informationen zu dieser Baureihe finden sich im Bereich <a href=\"https:\/\/www.strobl-pumpen.de\/produktbereiche-uebersicht\/chemie-petrochemie\/\">\u201eChemie &amp; Petrochemie\u201c<\/a>.[\/vc_column_text][\/vc_column][vc_column width=&#8220;1\/3&#8243;][vc_single_image image=&#8220;1397&#8243; img_size=&#8220;medium&#8220; alignment=&#8220;center&#8220;][\/vc_column][\/vc_row][vc_row][vc_column][vc_empty_space height=&#8220;50px&#8220;][\/vc_column][\/vc_row][vc_row][vc_column width=&#8220;1\/3&#8243;][vc_single_image image=&#8220;1429&#8243; img_size=&#8220;medium&#8220; alignment=&#8220;center&#8220;][\/vc_column][vc_column width=&#8220;2\/3&#8243;][vc_column_text]Die <strong>mehrstufigen Kreiselpumpen der Baureihe SKP<\/strong> sind horizontal und vertikal einsetzbar. Diese Pumpen sind f\u00fcr Systemdr\u00fccke von bis zu 250 bar sehr gut geeignet. Verschiedene Ausf\u00fchrung nach API 610-BB4\/BB5 sind m\u00f6glich.<\/p>\n<p>Details zu dieser Pumpenbaureihe befinden sich im Bereich <a href=\"https:\/\/www.strobl-pumpen.de\/produktbereiche-uebersicht\/chemie-petrochemie\/\">\u201eChemie &amp; Petrochemie\u201c<\/a>.[\/vc_column_text][\/vc_column][\/vc_row][vc_row][vc_column][vc_empty_space height=&#8220;50px&#8220;][\/vc_column][\/vc_row][vc_row][vc_column width=&#8220;2\/3&#8243;][vc_column_text]Bei vielen der vorgestellten Pumpentypen kann ein System zur Versorgung der Gleitringdichtung notwendig sein. Sperrsysteme nach Kundenwunsch oder API 682 sind m\u00f6glich.<\/p>\n<ul>\n<li>Dr\u00fccke bis 250 bar<\/li>\n<li>Werkstoffvielfalt bis zur Verwendung von Titan<\/li>\n<li>Luft- oder Wasserk\u00fchlung<\/li>\n<li>Instrumente analog oder digital<\/li>\n<\/ul>\n<p>[\/vc_column_text][\/vc_column][vc_column width=&#8220;1\/3&#8243;][vc_images_carousel images=&#8220;1431,1430&#8243; img_size=&#8220;medium&#8220; onclick=&#8220;link_no&#8220; speed=&#8220;4000&#8243; autoplay=&#8220;yes&#8220; hide_pagination_control=&#8220;yes&#8220; hide_prev_next_buttons=&#8220;yes&#8220; wrap=&#8220;yes&#8220;][\/vc_column][\/vc_row][vc_row][vc_column][vc_empty_space height=&#8220;50px&#8220;][\/vc_column][\/vc_row][vc_row][vc_column][vc_column_text]<a href=\"https:\/\/www.strobl-pumpen.de\/produktbereiche-uebersicht\/\"> <img loading=\"lazy\" decoding=\"async\" class=\"alignnone size-medium wp-image-1447 aligncenter\" src=\"https:\/\/www.strobl-pumpen.de\/wp-content\/uploads\/2021\/06\/Icon_Banner-e1623242794382.png\" alt=\"\" width=\"600\" height=\"60\" \/><\/a>[\/vc_column_text][\/vc_column][\/vc_row][vc_row][vc_column][vc_column_text][\/vc_column_text][\/vc_column][\/vc_row]<\/p>\n<\/div>","protected":false},"excerpt":{"rendered":"<p>[vc_row][vc_column][vc_column_text][\/vc_column_text][\/vc_column][\/vc_row][vc_row][vc_column][vc_column_text] zur\u00fcck zur \u00dcbersicht [\/vc_column_text][vc_empty_space height=&#8220;38px&#8220;][vc_column_text] Offshore [\/vc_column_text][\/vc_column][\/vc_row][vc_row][vc_column][vc_empty_space height=&#8220;28px&#8220;][\/vc_column][\/vc_row][vc_row][vc_column width=&#8220;1\/3&#8243;][vc_single_image image=&#8220;1416&#8243; img_size=&#8220;medium&#8220; alignment=&#8220;center&#8220;][\/vc_column][vc_column width=&#8220;2\/3&#8243;][vc_column_text]F\u00fcr einen vertikalen Einbau eigenen sich unsere Eintauchpumpen der Baureihe ETP sehr gut. Diese Pumpenbaureihe entspricht der Bauform API 610-VS1 bzw. ISO 5199-Familie 10\/12, somit k\u00f6nnen die Pumpen vollst\u00e4ndig nach API 610 ausgef\u00fchrt werden. Einbaul\u00e4nge variabel Mediumgeschmierte Gleitlager F\u00fchrungslager in den Zwischenrohren [&hellip;]<\/p>\n","protected":false},"author":1,"featured_media":0,"parent":1135,"menu_order":0,"comment_status":"closed","ping_status":"closed","template":"","meta":{"footnotes":""},"class_list":["post-1264","page","type-page","status-publish","hentry"],"_links":{"self":[{"href":"https:\/\/www.strobl-pumpen.de\/de\/wp-json\/wp\/v2\/pages\/1264","targetHints":{"allow":["GET"]}}],"collection":[{"href":"https:\/\/www.strobl-pumpen.de\/de\/wp-json\/wp\/v2\/pages"}],"about":[{"href":"https:\/\/www.strobl-pumpen.de\/de\/wp-json\/wp\/v2\/types\/page"}],"author":[{"embeddable":true,"href":"https:\/\/www.strobl-pumpen.de\/de\/wp-json\/wp\/v2\/users\/1"}],"replies":[{"embeddable":true,"href":"https:\/\/www.strobl-pumpen.de\/de\/wp-json\/wp\/v2\/comments?post=1264"}],"version-history":[{"count":8,"href":"https:\/\/www.strobl-pumpen.de\/de\/wp-json\/wp\/v2\/pages\/1264\/revisions"}],"predecessor-version":[{"id":1485,"href":"https:\/\/www.strobl-pumpen.de\/de\/wp-json\/wp\/v2\/pages\/1264\/revisions\/1485"}],"up":[{"embeddable":true,"href":"https:\/\/www.strobl-pumpen.de\/de\/wp-json\/wp\/v2\/pages\/1135"}],"wp:attachment":[{"href":"https:\/\/www.strobl-pumpen.de\/de\/wp-json\/wp\/v2\/media?parent=1264"}],"curies":[{"name":"wp","href":"https:\/\/api.w.org\/{rel}","templated":true}]}}