{"id":1266,"date":"2021-06-08T14:00:43","date_gmt":"2021-06-08T12:00:43","guid":{"rendered":"https:\/\/www.strobl-pumpen.de\/?page_id=1266"},"modified":"2021-06-09T18:07:37","modified_gmt":"2021-06-09T16:07:37","slug":"schiffbau-fahrzeugtechnik","status":"publish","type":"page","link":"https:\/\/www.strobl-pumpen.de\/de\/produktbereiche-uebersicht\/schiffbau-fahrzeugtechnik\/","title":{"rendered":"Schiffbau &#038; Fahrzeugtechnik"},"content":{"rendered":"<div class=\"wpb-content-wrapper\"><p>[vc_row][vc_column][vc_column_text][\/vc_column_text][\/vc_column][\/vc_row][vc_row][vc_column][vc_column_text]<\/p>\n<h3 style=\"text-align: center;\" data-wp-editing=\"1\"><a href=\"https:\/\/www.strobl-pumpen.de\/produktbereiche-uebersicht\/\">zur\u00fcck zur \u00dcbersicht<\/a><\/h3>\n<h3 style=\"text-align: center;\" data-wp-editing=\"1\"><a href=\"https:\/\/www.strobl-pumpen.de\/produktbereiche-uebersicht\/\"><img loading=\"lazy\" decoding=\"async\" class=\"alignnone size-medium wp-image-1447 aligncenter\" src=\"https:\/\/www.strobl-pumpen.de\/wp-content\/uploads\/2021\/06\/Icon_Banner-e1623242794382.png\" alt=\"\" width=\"600\" height=\"60\" \/><\/a><\/h3>\n<p>[\/vc_column_text][vc_empty_space height=&#8220;38px&#8220;][vc_column_text]<\/p>\n<h1 style=\"text-align: center;\">Schiffbau &amp; Fahrzeugtechnik<\/h1>\n<p>[\/vc_column_text][\/vc_column][\/vc_row][vc_row][vc_column][vc_empty_space height=&#8220;28px&#8220;][\/vc_column][\/vc_row][vc_row][vc_column width=&#8220;1\/3&#8243;][vc_single_image image=&#8220;1439&#8243; img_size=&#8220;medium&#8220; alignment=&#8220;center&#8220;][\/vc_column][vc_column width=&#8220;2\/3&#8243;][vc_column_text]Unsere <strong>Fahrmischerpumpen der Baureihe FMP<\/strong> sind in zwei Gr\u00f6\u00dfen lieferbar und f\u00fcr den direkten Ein- oder Anbau bei Fahrzeugen und Betonmischern geeignet.<\/p>\n<ul>\n<li>T\u00fcllen oder Gewindeanschl\u00fcsse<\/li>\n<li>Integration in Hydrauliksystem von Fahrzeugen<\/li>\n<li>Unterschiedliche Antriebsm\u00f6glichkeiten<\/li>\n<\/ul>\n<p>[\/vc_column_text][\/vc_column][\/vc_row][vc_row][vc_column][vc_empty_space height=&#8220;50px&#8220;][\/vc_column][\/vc_row][vc_row][vc_column width=&#8220;2\/3&#8243;][vc_column_text]Im Bereich des Schiffbaus werden unsere Pumpen der <strong>Baureihe EBPI als Einbaupumpe in Inlinebauweisen<\/strong> sehr h\u00e4ufig eingesetzt. Der direkte Einbau in Leitungen erm\u00f6glicht somit eine platzsparende Installation.<\/p>\n<ul>\n<li>Schock- und r\u00fcttelfeste Ausf\u00fchrungen<\/li>\n<li>Back-pull-out Funktion<\/li>\n<li>Hochkorrosionsbest\u00e4ndige Werkstoffe<\/li>\n<li>Standardm\u00e4\u00dfig gebohrte Anschl\u00fcsse f\u00fcr Druck- und Temperaturaufnehmer<\/li>\n<\/ul>\n<p>[\/vc_column_text][\/vc_column][vc_column width=&#8220;1\/3&#8243;][vc_single_image image=&#8220;1409&#8243; img_size=&#8220;medium&#8220; alignment=&#8220;center&#8220;][\/vc_column][\/vc_row][vc_row][vc_column][vc_empty_space height=&#8220;50px&#8220;][\/vc_column][\/vc_row][vc_row][vc_column][vc_column_text]<a href=\"https:\/\/www.strobl-pumpen.de\/produktbereiche-uebersicht\/\"> <img loading=\"lazy\" decoding=\"async\" class=\"alignnone size-medium wp-image-1447 aligncenter\" src=\"https:\/\/www.strobl-pumpen.de\/wp-content\/uploads\/2021\/06\/Icon_Banner-e1623242794382.png\" alt=\"\" width=\"600\" height=\"60\" \/><\/a><br \/>\n[\/vc_column_text][\/vc_column][\/vc_row][vc_row][vc_column][vc_column_text][\/vc_column_text][\/vc_column][\/vc_row]<\/p>\n<\/div>","protected":false},"excerpt":{"rendered":"<p>[vc_row][vc_column][vc_column_text][\/vc_column_text][\/vc_column][\/vc_row][vc_row][vc_column][vc_column_text] zur\u00fcck zur \u00dcbersicht [\/vc_column_text][vc_empty_space height=&#8220;38px&#8220;][vc_column_text] Schiffbau &amp; Fahrzeugtechnik [\/vc_column_text][\/vc_column][\/vc_row][vc_row][vc_column][vc_empty_space height=&#8220;28px&#8220;][\/vc_column][\/vc_row][vc_row][vc_column width=&#8220;1\/3&#8243;][vc_single_image image=&#8220;1439&#8243; img_size=&#8220;medium&#8220; alignment=&#8220;center&#8220;][\/vc_column][vc_column width=&#8220;2\/3&#8243;][vc_column_text]Unsere Fahrmischerpumpen der Baureihe FMP sind in zwei Gr\u00f6\u00dfen lieferbar und f\u00fcr den direkten Ein- oder Anbau bei Fahrzeugen und Betonmischern geeignet. T\u00fcllen oder Gewindeanschl\u00fcsse Integration in Hydrauliksystem von Fahrzeugen Unterschiedliche Antriebsm\u00f6glichkeiten [\/vc_column_text][\/vc_column][\/vc_row][vc_row][vc_column][vc_empty_space height=&#8220;50px&#8220;][\/vc_column][\/vc_row][vc_row][vc_column width=&#8220;2\/3&#8243;][vc_column_text]Im Bereich des Schiffbaus werden unsere [&hellip;]<\/p>\n","protected":false},"author":1,"featured_media":0,"parent":1135,"menu_order":0,"comment_status":"closed","ping_status":"closed","template":"","meta":{"footnotes":""},"class_list":["post-1266","page","type-page","status-publish","hentry"],"_links":{"self":[{"href":"https:\/\/www.strobl-pumpen.de\/de\/wp-json\/wp\/v2\/pages\/1266","targetHints":{"allow":["GET"]}}],"collection":[{"href":"https:\/\/www.strobl-pumpen.de\/de\/wp-json\/wp\/v2\/pages"}],"about":[{"href":"https:\/\/www.strobl-pumpen.de\/de\/wp-json\/wp\/v2\/types\/page"}],"author":[{"embeddable":true,"href":"https:\/\/www.strobl-pumpen.de\/de\/wp-json\/wp\/v2\/users\/1"}],"replies":[{"embeddable":true,"href":"https:\/\/www.strobl-pumpen.de\/de\/wp-json\/wp\/v2\/comments?post=1266"}],"version-history":[{"count":6,"href":"https:\/\/www.strobl-pumpen.de\/de\/wp-json\/wp\/v2\/pages\/1266\/revisions"}],"predecessor-version":[{"id":1486,"href":"https:\/\/www.strobl-pumpen.de\/de\/wp-json\/wp\/v2\/pages\/1266\/revisions\/1486"}],"up":[{"embeddable":true,"href":"https:\/\/www.strobl-pumpen.de\/de\/wp-json\/wp\/v2\/pages\/1135"}],"wp:attachment":[{"href":"https:\/\/www.strobl-pumpen.de\/de\/wp-json\/wp\/v2\/media?parent=1266"}],"curies":[{"name":"wp","href":"https:\/\/api.w.org\/{rel}","templated":true}]}}