{"id":1268,"date":"2021-06-08T13:59:54","date_gmt":"2021-06-08T11:59:54","guid":{"rendered":"https:\/\/www.strobl-pumpen.de\/?page_id=1268"},"modified":"2021-06-09T20:47:45","modified_gmt":"2021-06-09T18:47:45","slug":"kundenspezifische-konstruktion","status":"publish","type":"page","link":"https:\/\/www.strobl-pumpen.de\/de\/produktbereiche-uebersicht\/kundenspezifische-konstruktion\/","title":{"rendered":"Kundenspezifische Konstruktion"},"content":{"rendered":"<div class=\"wpb-content-wrapper\"><p>[vc_row][vc_column][vc_column_text][\/vc_column_text][\/vc_column][\/vc_row][vc_row][vc_column][vc_column_text]<\/p>\n<h3 style=\"text-align: center;\" data-wp-editing=\"1\"><a href=\"https:\/\/www.strobl-pumpen.de\/produktbereiche-uebersicht\/\">zur\u00fcck zur \u00dcbersicht<\/a><\/h3>\n<h3 style=\"text-align: center;\" data-wp-editing=\"1\"><a href=\"https:\/\/www.strobl-pumpen.de\/produktbereiche-uebersicht\/\"><img loading=\"lazy\" decoding=\"async\" class=\"alignnone size-medium wp-image-1447 aligncenter\" src=\"https:\/\/www.strobl-pumpen.de\/wp-content\/uploads\/2021\/06\/Icon_Banner-e1623242794382.png\" alt=\"\" width=\"600\" height=\"60\" \/><\/a><\/h3>\n<p>[\/vc_column_text][vc_empty_space height=&#8220;38px&#8220;][vc_column_text]<\/p>\n<h1 style=\"text-align: center;\">Kundenspezifische Konstruktion<\/h1>\n<p>[\/vc_column_text][\/vc_column][\/vc_row][vc_row][vc_column][vc_empty_space height=&#8220;28px&#8220;][\/vc_column][\/vc_row][vc_row][vc_column width=&#8220;2\/3&#8243;][vc_column_text]<\/p>\n<h3 style=\"text-align: center;\">Individuelle L\u00f6sung gesucht?<\/h3>\n<p style=\"text-align: center;\">Gemeinsam finden wir die L\u00f6sung f\u00fcr Ihr F\u00f6rderproblem<br \/>\nSprechen Sie uns an!<\/p>\n<p>[\/vc_column_text][\/vc_column][vc_column width=&#8220;1\/3&#8243;][\/vc_column][\/vc_row][vc_row][vc_column][vc_empty_space height=&#8220;50px&#8220;][\/vc_column][\/vc_row][vc_row][vc_column][vc_column_text]<a href=\"https:\/\/www.strobl-pumpen.de\/produktbereiche-uebersicht\/\"> <img loading=\"lazy\" decoding=\"async\" class=\"alignnone size-medium wp-image-1447 aligncenter\" src=\"https:\/\/www.strobl-pumpen.de\/wp-content\/uploads\/2021\/06\/Icon_Banner-e1623242794382.png\" alt=\"\" width=\"600\" height=\"60\" \/><\/a>[\/vc_column_text][\/vc_column][\/vc_row][vc_row][vc_column][vc_column_text][\/vc_column_text][\/vc_column][\/vc_row]<\/p>\n<\/div>","protected":false},"excerpt":{"rendered":"<p>[vc_row][vc_column][vc_column_text][\/vc_column_text][\/vc_column][\/vc_row][vc_row][vc_column][vc_column_text] zur\u00fcck zur \u00dcbersicht [\/vc_column_text][vc_empty_space height=&#8220;38px&#8220;][vc_column_text] Kundenspezifische Konstruktion [\/vc_column_text][\/vc_column][\/vc_row][vc_row][vc_column][vc_empty_space height=&#8220;28px&#8220;][\/vc_column][\/vc_row][vc_row][vc_column width=&#8220;2\/3&#8243;][vc_column_text] Individuelle L\u00f6sung gesucht? Gemeinsam finden wir die L\u00f6sung f\u00fcr Ihr F\u00f6rderproblem Sprechen Sie uns an! [\/vc_column_text][\/vc_column][vc_column width=&#8220;1\/3&#8243;][\/vc_column][\/vc_row][vc_row][vc_column][vc_empty_space height=&#8220;50px&#8220;][\/vc_column][\/vc_row][vc_row][vc_column][vc_column_text] [\/vc_column_text][\/vc_column][\/vc_row][vc_row][vc_column][vc_column_text][\/vc_column_text][\/vc_column][\/vc_row]<\/p>\n","protected":false},"author":1,"featured_media":0,"parent":1135,"menu_order":0,"comment_status":"closed","ping_status":"closed","template":"","meta":{"footnotes":""},"class_list":["post-1268","page","type-page","status-publish","hentry"],"_links":{"self":[{"href":"https:\/\/www.strobl-pumpen.de\/de\/wp-json\/wp\/v2\/pages\/1268","targetHints":{"allow":["GET"]}}],"collection":[{"href":"https:\/\/www.strobl-pumpen.de\/de\/wp-json\/wp\/v2\/pages"}],"about":[{"href":"https:\/\/www.strobl-pumpen.de\/de\/wp-json\/wp\/v2\/types\/page"}],"author":[{"embeddable":true,"href":"https:\/\/www.strobl-pumpen.de\/de\/wp-json\/wp\/v2\/users\/1"}],"replies":[{"embeddable":true,"href":"https:\/\/www.strobl-pumpen.de\/de\/wp-json\/wp\/v2\/comments?post=1268"}],"version-history":[{"count":7,"href":"https:\/\/www.strobl-pumpen.de\/de\/wp-json\/wp\/v2\/pages\/1268\/revisions"}],"predecessor-version":[{"id":1504,"href":"https:\/\/www.strobl-pumpen.de\/de\/wp-json\/wp\/v2\/pages\/1268\/revisions\/1504"}],"up":[{"embeddable":true,"href":"https:\/\/www.strobl-pumpen.de\/de\/wp-json\/wp\/v2\/pages\/1135"}],"wp:attachment":[{"href":"https:\/\/www.strobl-pumpen.de\/de\/wp-json\/wp\/v2\/media?parent=1268"}],"curies":[{"name":"wp","href":"https:\/\/api.w.org\/{rel}","templated":true}]}}