{"id":13,"date":"2015-05-19T11:19:35","date_gmt":"2015-05-19T09:19:35","guid":{"rendered":"http:\/\/www.strobl-pumpen.biz\/?page_id=13"},"modified":"2018-08-30T21:15:15","modified_gmt":"2018-08-30T19:15:15","slug":"abwassertechnik","status":"publish","type":"page","link":"https:\/\/www.strobl-pumpen.de\/de\/produkte\/abwassertechnik\/","title":{"rendered":"Abwassertechnik"},"content":{"rendered":"<div class=\"wpb-content-wrapper\"><p>[vc_row][vc_column][vc_column_text]<\/p>\n<p style=\"text-align: justify;\">Im Bereich der Abwassertechnik verteilen sich unsere Pumpen auf die unterschiedlichsten Anwendungsgebiete. Diese reichen von der einfachen Entleerung von Tanks (station\u00e4r, mobil oder auf Schiffen) mit Schmutzwasser oder Abwasser, \u00fcber Prozessr\u00fcckf\u00fchrung im Recyclingbereich bis hin zum einfachen Auspumpen von Gruben und Sch\u00e4chten.<\/p>\n<p style=\"text-align: justify;\">Alle unsere Abwasser- und Entw\u00e4sserungspumpen sind je nach Baureihe auf die speziellen Erfordernisse von leicht bis stark verschmutzten Fl\u00fcssigkeiten bis hin zu echtem F\u00e4kalabwasser angepasst.<\/p>\n<p>[\/vc_column_text][\/vc_column][\/vc_row][vc_row css=&#8220;.vc_custom_1464365593896{margin-top: 30px !important;}&#8220;][vc_column width=&#8220;1\/2&#8243;][vc_single_image image=&#8220;311&#8243; img_size=&#8220;medium&#8220; alignment=&#8220;center&#8220;][\/vc_column][vc_column width=&#8220;1\/2&#8243;][vc_column_text]<\/p>\n<p style=\"text-align: justify;\">Ein charakteristisches Merkmal klassischer Abwasserpumpen ist der besonders gro\u00dfe freie Durchgang durch die Pumpe. Unsere <strong>Baureihe AWP<\/strong> ist hier soweit optimiert, dass der freie Durchgang in der Regel der Druckstutzennennweite entspricht. Dadurch werden Verstopfungen in der Pumpe selbst nahezu unm\u00f6glich. Wir bieten unsere Abwasserpumpen derzeit in 7 Baugr\u00f6\u00dfen mit freien Durchg\u00e4ngen von 25 mm bis 150 mm an. Des Weiteren bieten wir bei allen Pumpen verschiedene Laufradversionen wie 2- oder 3-schauflige Kanalr\u00e4der oder Freistromlaufr\u00e4der an. Einige unserer Abwasserpumpen lassen sich mit einem vorgesetztem Schneidwerk oder einer in die Pumpe integrierten Faserschneideinrichtung ausr\u00fcsten. Alle unsere Pumpen sind in verschiedenen Werkstoffausf\u00fchrungen, angepasst auf F\u00f6rdermedium und Umwelteinfl\u00fcsse, verf\u00fcgbar. Bei der Auswahl der Motoren k\u00f6nnen unsere Kunden sowohl auf Pumpen mit Motor zur trockenen Aufstellung, als auch auf Pumpen mit Tauchmotor zur\u00fcckgreifen.<\/p>\n<p>[\/vc_column_text][\/vc_column][\/vc_row][vc_row css=&#8220;.vc_custom_1464365607188{margin-top: 30px !important;}&#8220;][vc_column width=&#8220;1\/2&#8243;][vc_column_text]<\/p>\n<p style=\"text-align: justify;\">Die Kellerentw\u00e4sserungspumpen unserer <strong>Baureihe KEP<\/strong> sind auch als vertikale Eintauchpumpen bekannt. Haupteinsatzgebiet sind enge Sch\u00e4chte, in denen verschmutzes Wasser abgepumpt werden soll und ein Tauchmotor nicht zweckm\u00e4\u00dfig oder nicht m\u00f6glich ist. Die Vorteile liegen hierbei in dem trocken aufgestellten Motor, der Unempfindlichkeit der Pumpe gegen\u00fcber Sand und kleinen Steinen, sowie der Einsatzm\u00f6glichkeit auch bei h\u00f6heren Temperaturen.<br \/>\nWir bieten auf ihr Einsatzszenario angepasst verschiedene Leistungen, die\u00a0 einen Flanschanschluss zwischen 1 1\/2\u201c und 2 1\/2\u201c besitzen. Je nach\u00a0 Kundenwunsch k\u00f6nnen wir die Einbauh\u00f6he zwischen 0,65m und 2,65m variieren, gr\u00f6\u00dfere Einbautiefen sind f\u00fcr einige Typen auf Anfrage m\u00f6glich. Zus\u00e4tzlich bieten wir standardm\u00e4\u00dfig auch Schwimmerschaltungen an, um ein automatisches An- und Abschalten zu realisieren. Die Pumpen sind in\u00a0 unterschiedlichen Werkstoffen angepasst auf das Medium verf\u00fcgbar.<\/p>\n<p>[\/vc_column_text][\/vc_column][vc_column width=&#8220;1\/2&#8243;][vc_single_image image=&#8220;308&#8243; img_size=&#8220;medium&#8220; alignment=&#8220;center&#8220;][\/vc_column][\/vc_row]<\/p>\n<\/div>","protected":false},"excerpt":{"rendered":"<p>[vc_row][vc_column][vc_column_text] Im Bereich der Abwassertechnik verteilen sich unsere Pumpen auf die unterschiedlichsten Anwendungsgebiete. Diese reichen von der einfachen Entleerung von Tanks (station\u00e4r, mobil oder auf Schiffen) mit Schmutzwasser oder Abwasser, \u00fcber Prozessr\u00fcckf\u00fchrung im Recyclingbereich bis hin zum einfachen Auspumpen von Gruben und Sch\u00e4chten. Alle unsere Abwasser- und Entw\u00e4sserungspumpen sind je nach Baureihe auf die speziellen [&hellip;]<\/p>\n","protected":false},"author":1,"featured_media":0,"parent":11,"menu_order":0,"comment_status":"closed","ping_status":"closed","template":"","meta":{"footnotes":""},"class_list":["post-13","page","type-page","status-publish","hentry"],"_links":{"self":[{"href":"https:\/\/www.strobl-pumpen.de\/de\/wp-json\/wp\/v2\/pages\/13","targetHints":{"allow":["GET"]}}],"collection":[{"href":"https:\/\/www.strobl-pumpen.de\/de\/wp-json\/wp\/v2\/pages"}],"about":[{"href":"https:\/\/www.strobl-pumpen.de\/de\/wp-json\/wp\/v2\/types\/page"}],"author":[{"embeddable":true,"href":"https:\/\/www.strobl-pumpen.de\/de\/wp-json\/wp\/v2\/users\/1"}],"replies":[{"embeddable":true,"href":"https:\/\/www.strobl-pumpen.de\/de\/wp-json\/wp\/v2\/comments?post=13"}],"version-history":[{"count":20,"href":"https:\/\/www.strobl-pumpen.de\/de\/wp-json\/wp\/v2\/pages\/13\/revisions"}],"predecessor-version":[{"id":1507,"href":"https:\/\/www.strobl-pumpen.de\/de\/wp-json\/wp\/v2\/pages\/13\/revisions\/1507"}],"up":[{"embeddable":true,"href":"https:\/\/www.strobl-pumpen.de\/de\/wp-json\/wp\/v2\/pages\/11"}],"wp:attachment":[{"href":"https:\/\/www.strobl-pumpen.de\/de\/wp-json\/wp\/v2\/media?parent=13"}],"curies":[{"name":"wp","href":"https:\/\/api.w.org\/{rel}","templated":true}]}}