{"id":1323,"date":"2021-06-09T07:27:52","date_gmt":"2021-06-09T05:27:52","guid":{"rendered":"https:\/\/www.strobl-pumpen.de\/?page_id=1323"},"modified":"2021-06-09T07:27:52","modified_gmt":"2021-06-09T05:27:52","slug":"datenschutz","status":"publish","type":"page","link":"https:\/\/www.strobl-pumpen.de\/de\/datenschutz\/","title":{"rendered":"Datenschutz"},"content":{"rendered":"<div class=\"wpb-content-wrapper\"><p>[vc_row][vc_column][vc_column_text]<strong>Datenschutzerkl\u00e4rung<\/strong><\/p>\n<p>Die Strobl Pumpen GmbH &amp; Co. KG freut sich \u00fcber Ihren Besuch auf unserer Website sowie \u00fcber Ihr Interesse an uns und unseren Leistungen. Der Schutz Ihrer Privatsph\u00e4re ist uns besonders wichtig. Dies gilt nat\u00fcrlich auch f\u00fcr Ihren Besuch auf unserer Website. Wir m\u00f6chten Ihnen daher die Datenverarbeitungsvorschl\u00e4ge auf unserer Website transparent machen. Was wir zum Schutz Ihrer Daten unternehmen und welche Daten wir \u00fcberhaupt erheben, erl\u00e4utern wir Ihnen hier. Wir verpflichten uns, die Daten der Besucher unserer Website zu sch\u00fctzen. Es werden keine personenbezogenen Daten an Kooperationspartner oder Werbefirmen weitergegeben. Wir behalten uns das Recht vor, die in dieser Datenschutzerkl\u00e4rung bereitgestellten Informationen ohne vorherige Ank\u00fcndigung an eine ver\u00e4nderte Gesetzgebung oder Rechtsprechung anzupassen. G\u00fcltig ist die jeweils hier ver\u00f6ffentlichte aktuelle Version.<\/p>\n<p>Verantwortlich im Sinn der Datenschutzgesetze (Art. 4 Nr. 7 DSGVO) f\u00fcr die Verarbeitung Ihrer Daten ist\u00a0die:<\/p>\n<p><strong>Strobl Pumpen GmbH &amp; Co. KG<\/strong><\/p>\n<p>Boschring\u00a03<br \/>\n91161 Hilpoltstein<br \/>\nDeutschland<\/p>\n<p>Tel:\u00a0\u00a0\u00a0\u00a0\u00a0 \u00a0\u00a0\u00a0\u00a0\u00a0\u00a0\u00a0\u00a0\u00a0\u00a0\u00a0 +49 9174\u00a097708-0<br \/>\nFax:\u00a0\u00a0\u00a0\u00a0 \u00a0\u00a0\u00a0\u00a0\u00a0\u00a0\u00a0\u00a0\u00a0\u00a0\u00a0 +49 9174 97708-10<br \/>\nE-Mail:\u00a0\u00a0\u00a0\u00a0\u00a0\u00a0\u00a0\u00a0\u00a0\u00a0\u00a0 <u><a href=\"mailto:info@strobl-pumpen.de\">info@strobl-pumpen.de<\/a><\/u><\/p>\n<p>Bei Nutzung dieser Website, werden verschiedene personenbezogenen Daten erhoben, gem\u00e4\u00df den gesetzlichen Bestimmungen, insbesondere der\u00a0DSGVO.<\/p>\n<p><strong>Die Rechtsgrundlage (personenbezogene Daten; Art. 4\u00a0DSGVO)<\/strong><\/p>\n<p>Personenbezogene Daten sind Daten \u00fcber Ihre Person, die eine Identifizierung ihrer Person m\u00f6glich machen. Dazu z\u00e4hlen z. B. Vorname, Name, Ihre Adresse und Ihre E-Mail-Adresse. Daten aus Sozialen Netzwerken wie beispielsweise Facebook, Xing, LinkedIn, Twitter und Google+ k\u00f6nnen ebenfalls zu den pers\u00f6nlichen Informationen z\u00e4hlen.<\/p>\n<p>\u00dcblicherweise k\u00f6nnen Sie die Seite der Strobl Pumpen GmbH &amp; Co.KG besuchen, ohne dass wir pers\u00f6nliche Daten von Ihnen ben\u00f6tigen. Es treten jedoch Sachverhalte auf, bei den wir Ihren Namen und Adresse sowie weitere Informationen ben\u00f6tigen. Wir erheben personenbezogene Daten \u00fcberwiegend:<\/p>\n<p>&gt; bei Kontaktaufnahme per E-Mail<br \/>\n&gt; beim Newsletter Abonnement<br \/>\n&gt; beim Kontaktformular<\/p>\n<p><strong>Grunds\u00e4tzliches<\/strong><\/p>\n<p>Mit der Nutzung unserer Website willigen Sie ein, dass wir bestimmte Daten erheben d\u00fcrfen. Im Gegenzug verpflichten wir uns, nur die absolut notwendigen Daten zu erheben und Ihre Daten jederzeit zu sch\u00fctzen. Beim blo\u00dfen Besuch unserer Website erheben wir keine personenbezogenen Daten. Sie k\u00f6nnen unsere Website also besuchen, ohne uns mitzuteilen, wer Sie sind. Wir erfahren nur den Namen Ihres Internet Service Providers sowie die f\u00fcr den Zugriff auf unsere Website genutzte IP-Adresse, die Website, von der aus Sie uns besuchen und die Webseiten, die Sie bei uns besuchen. Diese Informationen werden zu statistischen Zwecken ausgewertet. Sie bleiben als einzelner Benutzer hierbei anonym. Erst wenn Sie einen unserer personalisierten Dienste nutzen m\u00f6chten (z. B. beim Ausf\u00fcllen des Kontaktformulars), fragen wir Sie nach bestimmten personenbezogenen Daten, die f\u00fcr die Erf\u00fcllung des Service notwendig\u00a0sind.<\/p>\n<p><strong>Erhebung und Verarbeitung nicht personenbezogener\u00a0Daten<\/strong><\/p>\n<p>Bei jedem Zugriff eines Nutzers auf unsere Website, d. h. bei jedem Abruf oder Versuch eines Abrufs einer Datei auf diesem Server, werden Daten \u00fcber diesen Vorgang in einer Protokolldatei abgespeichert (Logfile). Diese Daten sind nicht personenbezogen; wir k\u00f6nnen also nicht nachvollziehen, welcher Nutzer welche Daten abgerufen hat. Wir versuchen auch nicht, diese Informationen zu erheben.<\/p>\n<p>Im Einzelnen wird auch \u00fcber jeden Abruf folgender Datensatz gespeichert:<\/p>\n<p>&gt; Name der abgerufenen\u00a0Datei<br \/>\n&gt; Datum und Uhrzeit des Abrufs<br \/>\n&gt; \u00dcbertragene Datenmenge<br \/>\n&gt; Der Name Ihres Internet Service Providers<br \/>\n&gt; Ggfs. Betriebssystem und Browsersoftware Ihres Computers<br \/>\n&gt; Sowie die Website von der aus Sie uns besuchen.<\/p>\n<p>Alle genannten Daten werden nur zu statistischen Zwecken von uns ausgewertet.<br \/>\nWir nutzen diese Daten, um unsere Website f\u00fcr Sie noch besser zu machen.<\/p>\n<p><strong>Nutzung und Weitergabe pers\u00f6nlicher Daten und Zweckbindung<\/strong><\/p>\n<p>Personenbezogene Daten werden nur dann erhoben, wenn Sie uns diese von sich aus, zum Beispiel im Rahmen einer Registrierung, zur Verf\u00fcgung stellen. Alle im Rahmen unserer Website anfallenden personenbezogenen Daten werden entsprechend den jeweils geltenden Bestimmungen zum Schutz personenbezogener Daten, nur zum Zweck der von Ihnen beauftragten Services und zur Bearbeitung Ihrer Anfragen erhoben, verarbeitet und genutzt. Eine Verarbeitung und Nutzung Ihrer Daten f\u00fcr Zwecke der Beratung, der Werbung und der Marktforschung erfolgt nicht.<\/p>\n<p><strong>SSL-Verschl\u00fcsselung<\/strong><\/p>\n<p>Um die Sicherheit Ihrer Daten bei der \u00dcbertragung zu sch\u00fctzen, verwenden wir dem aktuellen Stand der Technik entsprechende Verschl\u00fcsselungsverfahren (z. B. SSL) \u00fcber\u00a0HTTPS.<\/p>\n<p><strong>Ist die Vertraulichkeit des E-Mail-Verkehrs\/Kontaktformulars gew\u00e4hrleistet?<\/strong><\/p>\n<p>Sollten Sie mit uns mit Ihrem eigenen E-Mail-Account in Kontakt treten wollen, weisen wir darauf hin, dass die Vertraulichkeit der \u00fcbermittelten Informationen u. U. nicht gew\u00e4hrleistet sein\u00a0kann.<\/p>\n<p>Werden die Daten \u00fcber unser Kontaktformular gesammelt und verarbeitet, werden diese Daten verschl\u00fcsselt, bevor sie \u00fcbertragen werden. Gerne k\u00f6nnen Sie uns vertrauliche Informationen ausschlie\u00dflich \u00fcber den Postweg zukommen lassen.<\/p>\n<p><strong>Verwendung von Scriptbibliotheken (Google Webfonts)<\/strong><\/p>\n<p>Um unsere Inhalte browser\u00fcbergreifend korrekt und grafisch ansprechend darzustellen, verwenden wir auf dieser Website Scriptbibliotheken und Schriftbibliotheken wie z. B. Google Webfonts (https:\/\/www.google.com\/webfonts\/). Google Webfonts werden zur Vermeidung mehrfachen Ladens in den Cache Ihres Browsers \u00fcbertragen. Falls der Browser die Google Webfonts nicht unterst\u00fctzt oder den Zugriff unterbindet, werden Inhalte in einer Standardschrift angezeigt.<\/p>\n<p>Der Aufruf von Scriptbibliotheken oder Schriftbibliotheken l\u00f6st automatisch eine Verbindung zum Betreiber der Bibliothek aus. Dabei ist es theoretisch m\u00f6glich \u2013 aktuell allerdings auch unklar ob und ggf. zu welchen Zwecken \u2013 dass Betreiber entsprechender Bibliotheken Daten erheben.<\/p>\n<p>Die Datenschutzrichtlinie des Bibliothekbetreibers Google finden Sie hier: https:\/\/www.google.com\/policies\/privacy\/<\/p>\n<p><strong>Twitter<\/strong><\/p>\n<p>Auf unseren Seiten sind Funktionen des Dienstes Twitter eingebunden. Diese Funktionen werden angeboten durch die Twitter Inc., 1355 Market Street, Suite 900, San Francisco, CA 94103, USA. Durch das Benutzen von Twitter und der Funktion \u201eRe-Tweet&#8220; werden die von Ihnen besuchten Websites mit Ihrem Twitter-Account verkn\u00fcpft und anderen Nutzern bekannt gegeben. Dabei werden auch Daten an Twitter \u00fcbertragen. Wir weisen darauf hin, dass wir als Anbieter der Seiten keine Kenntnis vom Inhalt der \u00fcbermittelten Daten sowie deren Nutzung durch Twitter erhalten. Weitere Informationen hierzu finden Sie in der Datenschutzerkl\u00e4rung von Twitter unter:\u00a0<a href=\"https:\/\/twitter.com\/de\/privacy\">https:\/\/twitter.com\/privacy\/<\/a>.<\/p>\n<p>Ihre Datenschutzeinstellungen bei Twitter k\u00f6nnen Sie in den Konto-Einstellungen\u00a0unter<br \/>\n<a href=\"https:\/\/twitter.com\/account\/settings\/\">https:\/\/twitter.com\/account\/settings\/<\/a>\u00a0\u00e4ndern.<\/p>\n<p><strong>Rechte der Betroffenen<\/strong><\/p>\n<p>Der Nutzer hat das Recht, auf Antrag unentgeltlich Auskunft \u00fcber die gespeicherten personenbezogenen Daten zu erhalten (Art. 15 DSGVO), des Weiteren kann der Nutzer seine Daten berichtigen (Art. 16 DSGVO) oder l\u00f6schen (Art. 17 DSGVO) lassen. Bitte kontaktieren Sie uns jederzeit, wenn Sie sich informieren m\u00f6chten welche personenbezogenen Daten wir \u00fcber Sie speichern oder Ihre Daten gel\u00f6scht oder berichtigt werden sollten.<\/p>\n<p>Zus\u00e4tzlich haben die Nutzer nach Ma\u00dfgabe der gesetzlichen Bestimmungen auch das Recht auf Einschr\u00e4nkung der Verarbeitung (Art. 18 DSGVO), ein Widerspruchsrecht gegen die Verarbeitung (Art. 21 DSGVO), ein Widerrufsrecht (Art. 7 DSGVO) sowie das Recht auf Daten\u00fcbertragbarkeit (Art. 20 DSGVO). Ferner besteht ein Beschwerderecht bei der zust\u00e4ndigen Aufsichtsbeh\u00f6rde (Art. 57 DSGVO). In diesen F\u00e4llen wenden Sie sich bitte direkt an\u00a0uns.<\/p>\n<p><strong>Rechtsgrundlage der Verarbeitung<\/strong><\/p>\n<p>Art. 6 I lit. a DSGVO dient unserem Unternehmen als Rechtsgrundlage f\u00fcr Verarbeitungsvorg\u00e4nge, bei denen wir eine Einwilligung f\u00fcr einen bestimmten Verarbeitungszweck einholen. Ist die Verarbeitung personenbezogener Daten zur Erf\u00fcllung eines Vertrags, dessen Vertragspartei die betroffene Person ist, erforderlich, wie dies beispielsweise bei Verarbeitungsvorg\u00e4ngen der Fall ist, die f\u00fcr eine Lieferung von Waren oder die Erbringung einer sonstigen Leistung oder Gegenleistung notwendig sind, so beruht die Verarbeitung auf Art. 6 I lit. b DSGVO. Gleiches gilt f\u00fcr solche Verarbeitungsvorg\u00e4nge, die zur Durchf\u00fchrung vorvertraglicher Ma\u00dfnahmen erforderlich sind, etwa in F\u00e4llen von Anfragen zu unseren Produkten oder Leistungen. Unterliegt unser Unternehmen einer rechtlichen Verpflichtung, durch welche eine Verarbeitung von personenbezogenen Daten erforderlich wird, wie beispielsweise zur Erf\u00fcllung steuerlicher Pflichten, so basiert die Verarbeitung auf Art. 6 I lit. c\u00a0DSGVO.<\/p>\n<p>Letztlich k\u00f6nnten Verarbeitungsvorg\u00e4nge auf Art. 6 I lit. f DSGVO beruhen. Auf dieser Rechtsgrundlage basieren Verarbeitungsvorg\u00e4nge, die von keiner der vorgenannten Rechtsgrundlagen erfasst werden, wenn die Verarbeitung zur Wahrung eines berechtigten Interesses unseres Unternehmens oder eines Dritten erforderlich ist, sofern die Interessen, Grundrechte und Grundfreiheiten des Betroffenen nicht \u00fcberwiegen. Solche Verarbeitungsvorg\u00e4nge sind uns insbesondere deshalb gestattet, weil sie durch den Europ\u00e4ischen Gesetzgeber besonders erw\u00e4hnt wurden. Er vertrat insoweit die Auffassung, dass ein berechtigtes Interesse anzunehmen sein k\u00f6nnte, wenn die betroffene Person ein Kunde des Verantwortlichen ist (Erw\u00e4gungsgrund 47 Satz 2\u00a0DSGVO).<\/p>\n<p><strong>Haftungsausschluss (Disclaimer)<\/strong><\/p>\n<p>Strobl Pumpen GmbH &amp; Co. KG \u00fcbernimmt keine Haftung oder Garantie f\u00fcr die Aktualit\u00e4t, Richtigkeit und Vollst\u00e4ndigkeit der zur Verf\u00fcgung gestellten Informationen und Daten. Eine Haftung f\u00fcr den Inhalt externer Links wird ausgeschlossen.<\/p>\n<p>F\u00fcr den Inhalt der verlinkten Seiten sind ausschlie\u00dflich deren Betreiber verantwortlich.<\/p>\n<p>Strobl Pumpen GmbH &amp; Co. KG beh\u00e4lt sich vor, \u00c4nderungen oder Erg\u00e4nzungen der bereitgestellten Informationen oder Daten ohne Ank\u00fcndigung vorzunehmen.<\/p>\n<p>Der Inhalt der Website\u00a0<u><a href=\"http:\/\/www.strobl-pumpen.de\">www.strobl-pumpen.de<\/a><\/u>\u00a0ist urheberrechtlich gesch\u00fctzt.<\/p>\n<p>Die Vervielf\u00e4ltigung von Informationen, Daten oder Dokumenten, insbesondere die Verwendung von Texten, von Textteilen oder Bildmaterial zur gewerblichen Nutzung, bed\u00fcrfen der Zustimmung durch Strobl Pumpen GmbH &amp; Co. KG.[\/vc_column_text][\/vc_column][\/vc_row]<\/p>\n<\/div>","protected":false},"excerpt":{"rendered":"<p>[vc_row][vc_column][vc_column_text]Datenschutzerkl\u00e4rung Die Strobl Pumpen GmbH &amp; Co. KG freut sich \u00fcber Ihren Besuch auf unserer Website sowie \u00fcber Ihr Interesse an uns und unseren Leistungen. Der Schutz Ihrer Privatsph\u00e4re ist uns besonders wichtig. Dies gilt nat\u00fcrlich auch f\u00fcr Ihren Besuch auf unserer Website. Wir m\u00f6chten Ihnen daher die Datenverarbeitungsvorschl\u00e4ge auf unserer Website transparent machen. Was [&hellip;]<\/p>\n","protected":false},"author":1,"featured_media":0,"parent":0,"menu_order":0,"comment_status":"closed","ping_status":"closed","template":"","meta":{"footnotes":""},"class_list":["post-1323","page","type-page","status-publish","hentry"],"_links":{"self":[{"href":"https:\/\/www.strobl-pumpen.de\/de\/wp-json\/wp\/v2\/pages\/1323","targetHints":{"allow":["GET"]}}],"collection":[{"href":"https:\/\/www.strobl-pumpen.de\/de\/wp-json\/wp\/v2\/pages"}],"about":[{"href":"https:\/\/www.strobl-pumpen.de\/de\/wp-json\/wp\/v2\/types\/page"}],"author":[{"embeddable":true,"href":"https:\/\/www.strobl-pumpen.de\/de\/wp-json\/wp\/v2\/users\/1"}],"replies":[{"embeddable":true,"href":"https:\/\/www.strobl-pumpen.de\/de\/wp-json\/wp\/v2\/comments?post=1323"}],"version-history":[{"count":1,"href":"https:\/\/www.strobl-pumpen.de\/de\/wp-json\/wp\/v2\/pages\/1323\/revisions"}],"predecessor-version":[{"id":1324,"href":"https:\/\/www.strobl-pumpen.de\/de\/wp-json\/wp\/v2\/pages\/1323\/revisions\/1324"}],"wp:attachment":[{"href":"https:\/\/www.strobl-pumpen.de\/de\/wp-json\/wp\/v2\/media?parent=1323"}],"curies":[{"name":"wp","href":"https:\/\/api.w.org\/{rel}","templated":true}]}}