{"id":15,"date":"2015-05-19T11:20:55","date_gmt":"2015-05-19T09:20:55","guid":{"rendered":"http:\/\/www.strobl-pumpen.biz\/?page_id=15"},"modified":"2018-08-30T21:16:59","modified_gmt":"2018-08-30T19:16:59","slug":"anlagenbau","status":"publish","type":"page","link":"https:\/\/www.strobl-pumpen.de\/de\/produkte\/anlagenbau\/","title":{"rendered":"Anlagenbau"},"content":{"rendered":"<div class=\"wpb-content-wrapper\"><p>[vc_row][vc_column][vc_column_text]<\/p>\n<p style=\"text-align: justify;\">Neben der Entwicklung und dem Vertrieb einzelner Pumpen bieten wir auch komplette Pumpsysteme und Anlagen an. Beispiele f\u00fcr bereits entwickelte Anlagen:<\/p>\n<ul style=\"text-align: justify;\">\n<li>Vakuumanlagen zur Vakuumentw\u00e4sserung, bei denen wir unsere Abwasserpumpen zur Entleerung der unter Vakuum stehenden Puffertanks verwenden.<\/li>\n<li>Druckerh\u00f6hungsanlagen zur konstanten Druckversorgung in Geb\u00e4uden.<\/li>\n<li>In 2010 wurde ein komplettes Sperrdrucksystem zur Versorgung von Gleitringdichtungen entwickelt und aufgebaut. Das System ist seitdem f\u00fcr die Versorgung von 7 Spezialgleitringdichtungen im Einsatz.<\/li>\n<\/ul>\n<p style=\"text-align: justify;\">Die Anlagen werden sowohl auf der Fl\u00fcssigkeits- als auch auf der Steuerungsseite von uns selbst entwickelt und montiert. Unsere Kunden bekommen damit eine kompakte, anschlussfertige Anlage und werden nach Auslieferung bei der Inbetriebnahme sowie zu etwaigen Schulungsma\u00dfnahmen entsprechend von uns unterst\u00fctzt.<\/p>\n<p style=\"text-align: justify;\">Wir entwickeln in Zusammenarbeit mit unseren Kunden jederzeit neue, vollst\u00e4ndig auf Ihre Bed\u00fcrfnisse angepasste Anlagen und Systeme.<\/p>\n<p>[\/vc_column_text][\/vc_column][\/vc_row][vc_row css=&#8220;.vc_custom_1464340153333{margin-top: 30px !important;}&#8220;][vc_column width=&#8220;1\/2&#8243;][vc_single_image image=&#8220;248&#8243; img_size=&#8220;medium&#8220; alignment=&#8220;center&#8220;][\/vc_column][vc_column width=&#8220;1\/2&#8243;][vc_single_image image=&#8220;290&#8243; img_size=&#8220;medium&#8220; alignment=&#8220;center&#8220;][\/vc_column][\/vc_row]<\/p>\n<\/div>","protected":false},"excerpt":{"rendered":"<p>[vc_row][vc_column][vc_column_text] Neben der Entwicklung und dem Vertrieb einzelner Pumpen bieten wir auch komplette Pumpsysteme und Anlagen an. Beispiele f\u00fcr bereits entwickelte Anlagen: Vakuumanlagen zur Vakuumentw\u00e4sserung, bei denen wir unsere Abwasserpumpen zur Entleerung der unter Vakuum stehenden Puffertanks verwenden. Druckerh\u00f6hungsanlagen zur konstanten Druckversorgung in Geb\u00e4uden. In 2010 wurde ein komplettes Sperrdrucksystem zur Versorgung von Gleitringdichtungen entwickelt [&hellip;]<\/p>\n","protected":false},"author":1,"featured_media":0,"parent":11,"menu_order":0,"comment_status":"closed","ping_status":"closed","template":"","meta":{"footnotes":""},"class_list":["post-15","page","type-page","status-publish","hentry"],"_links":{"self":[{"href":"https:\/\/www.strobl-pumpen.de\/de\/wp-json\/wp\/v2\/pages\/15","targetHints":{"allow":["GET"]}}],"collection":[{"href":"https:\/\/www.strobl-pumpen.de\/de\/wp-json\/wp\/v2\/pages"}],"about":[{"href":"https:\/\/www.strobl-pumpen.de\/de\/wp-json\/wp\/v2\/types\/page"}],"author":[{"embeddable":true,"href":"https:\/\/www.strobl-pumpen.de\/de\/wp-json\/wp\/v2\/users\/1"}],"replies":[{"embeddable":true,"href":"https:\/\/www.strobl-pumpen.de\/de\/wp-json\/wp\/v2\/comments?post=15"}],"version-history":[{"count":7,"href":"https:\/\/www.strobl-pumpen.de\/de\/wp-json\/wp\/v2\/pages\/15\/revisions"}],"predecessor-version":[{"id":381,"href":"https:\/\/www.strobl-pumpen.de\/de\/wp-json\/wp\/v2\/pages\/15\/revisions\/381"}],"up":[{"embeddable":true,"href":"https:\/\/www.strobl-pumpen.de\/de\/wp-json\/wp\/v2\/pages\/11"}],"wp:attachment":[{"href":"https:\/\/www.strobl-pumpen.de\/de\/wp-json\/wp\/v2\/media?parent=15"}],"curies":[{"name":"wp","href":"https:\/\/api.w.org\/{rel}","templated":true}]}}