{"id":19,"date":"2015-05-19T11:23:59","date_gmt":"2015-05-19T09:23:59","guid":{"rendered":"http:\/\/www.strobl-pumpen.biz\/?page_id=19"},"modified":"2026-02-23T20:31:11","modified_gmt":"2026-02-23T19:31:11","slug":"vertrieb","status":"publish","type":"page","link":"https:\/\/www.strobl-pumpen.de\/de\/vertrieb\/","title":{"rendered":"Vertrieb"},"content":{"rendered":"<div class=\"wpb-content-wrapper\"><p>[vc_row][vc_column][vc_column_text][\/vc_column_text][\/vc_column][\/vc_row][vc_row][vc_column css=&#8220;.vc_custom_1622214565631{margin-bottom: 5px !important;}&#8220;][vc_column_text]Unseren Vertrieb erreichen Sie \u00fcber folgende Kontaktadressen:<\/p>\n<p>Stammsitz[\/vc_column_text][\/vc_column][vc_column width=&#8220;1\/2&#8243; css=&#8220;.vc_custom_1622214572155{margin-top: 10px !important;}&#8220;][vc_column_text css=&#8220;&#8220;]<\/p>\n<p style=\"text-align: justify; padding-left: 60px;\"><strong>Strobl Pumpen GmbH &amp; Co. KG<\/strong><br \/>\nBoschring 3<br \/>\n91161 Hilpoltstein<br \/>\nDeutschland<br \/>\nTel.: +49-(0)9174-97708-0<br \/>\nMail: <a href=\"mailto:info@strobl-pumpen.de\">info@strobl-pumpen.de<\/a><\/p>\n<p>[\/vc_column_text][\/vc_column][vc_column width=&#8220;1\/2&#8243; css=&#8220;.vc_custom_1622214578710{margin-top: 10px !important;}&#8220;][vc_column_text css=&#8220;&#8220;][\/vc_column_text][\/vc_column][vc_column css=&#8220;.vc_custom_1622214270093{margin-top: 35px !important;margin-bottom: 35px !important;}&#8220;][vc_column_text]<\/p>\n<p>Hier stehen wir Ihnen mit unserem Team in s\u00e4mtlichen Fragen rund um unsere Produkte zur Verf\u00fcgung. Unsere Vertriebsmitarbeiter sind regelm\u00e4\u00dfig im Au\u00dfendienst unterwegs, um einen pers\u00f6nlichen Kontakt zu Ihnen zu halten und vor Ort auf Ihre Probleme eingehen zu k\u00f6nnen.<\/p>\n<p>Neben unserem eigenen Vertrieb unterhalten wir auch Beziehungen zu verschiedenen Unternehmen im In- und Ausland, die unsere Produkte f\u00fcr uns vertreiben und Ihnen auch einen schnellen Vor-Ort-Service bieten k\u00f6nnen.<\/p>\n<p>[\/vc_column_text][\/vc_column][vc_column css=&#8220;.vc_custom_1622214589119{margin-bottom: 5px !important;}&#8220;][vc_column_text css=&#8220;&#8220;]Kooperations- und Servicepartner[\/vc_column_text][\/vc_column][vc_column width=&#8220;1\/2&#8243; css=&#8220;.vc_custom_1622215696883{margin-top: 10px !important;}&#8220;][vc_column_text css=&#8220;&#8220;]<\/p>\n<p style=\"text-align: justify; padding-left: 60px;\"><strong>Bridge Industry Consulting GmbH<\/strong><br \/>\nLuxemburger Stra\u00dfe 124<br \/>\n50939 K\u00f6ln<br \/>\nDeutschland<br \/>\n<a href=\"http:\/\/www.bridge-industry-consulting.de\" target=\"_blank\" rel=\"noopener\">www.bridge-industry-consulting.de<\/a><\/p>\n<p style=\"text-align: justify; padding-left: 60px;\"><strong>Delta-p<\/strong><br \/>\nLensmannslia 4<br \/>\n1386 Asker<br \/>\nNorwegen<br \/>\n<a href=\"http:\/\/www.delta-p.no\" target=\"_blank\" rel=\"noopener\">www.delta-p.no<\/a><\/p>\n<p style=\"text-align: justify; padding-left: 60px;\"><strong>Speck Pompen Nederland B.V.<br \/>\n<\/strong>Stationspoort 10<br \/>\n6902 KG Zevenaar<br \/>\nNiederlande<br \/>\n<a href=\"http:\/\/www.speck.nl\" target=\"_blank\" rel=\"noopener\">www.speck.nl<\/a><\/p>\n<p style=\"text-align: justify; padding-left: 60px;\"><strong>Techno Service S.r.l.<br \/>\n<\/strong>Via Pordenone 21<br \/>\n20821 Meda (MB)<br \/>\nItalien<br \/>\n<a href=\"http:\/\/www.th-service.it\" target=\"_blank\" rel=\"noopener\">www.th-service.it<\/a><\/p>\n<p style=\"text-align: justify; padding-left: 60px;\"><strong>Rotating Technologies Pte Ltd<br \/>\n<\/strong>22 Sin Ming Lane<br \/>\n#06-76 Midview City<br \/>\nSingapur 573969<br \/>\n<a href=\"http:\/\/www.rotatingtechnologies.com.sg\" target=\"_blank\" rel=\"noopener\">www.rotatingtechnologies.com.sg<\/a><\/p>\n<p style=\"text-align: justify; padding-left: 60px;\"><strong>IAC-Systems Co. Ltd<\/strong><br \/>\nLevel 21, Vietcombank Tower, No. 5 Me Linh Square, Sai Gon<br \/>\n71006 Ho Chi Minh<br \/>\nVietnam<br \/>\n<a href=\"http:\/\/www.iac-systems.com\" target=\"_blank\" rel=\"noopener\">www.iac-systems.com<\/a><\/p>\n<p>[\/vc_column_text][\/vc_column][vc_column width=&#8220;1\/2&#8243; css=&#8220;.vc_custom_1622215701691{margin-top: 10px !important;}&#8220;][vc_column_text css=&#8220;&#8220;]<\/p>\n<p style=\"text-align: justify; padding-left: 60px;\"><strong>FM W\u00e4schereitechnik Service AG<br \/>\n<\/strong>Industriestrasse 14<br \/>\n4528 Zuchwil<br \/>\nSchweiz<br \/>\n<a href=\"http:\/\/www.fms.ag\" target=\"_blank\" rel=\"noopener\">www.fms.ag<\/a><\/p>\n<p style=\"text-align: justify; padding-left: 60px;\"><strong>Speck Pompen Belgie NV<\/strong><br \/>\nIndustriestraat 2a<br \/>\n8755 Ruiselede<br \/>\nBelgien<br \/>\n<a href=\"http:\/\/www.speckpompen.be\" target=\"_blank\" rel=\"noopener\">www.speckpompen.be<\/a><\/p>\n<p style=\"text-align: justify; padding-left: 60px;\"><strong>International Technical Construction &amp; Storage Co.<br \/>\n<\/strong>P.O. Box 950279, Ahmad Bani Hameedah Street, Building No. 18<br \/>\n11195 Al-Rabieh, Amman<br \/>\nJordanien<br \/>\n<a href=\"http:\/\/www.itccjo.com\" target=\"_blank\" rel=\"noopener\">www.itccjo.com<\/a><\/p>\n<p style=\"text-align: justify; padding-left: 60px;\"><strong>Teraju Petroleum<br \/>\n<\/strong>Unit 17.2 Level 17 Wisma Sunway<br \/>\n40100 Shah Alam, Selangor<br \/>\nMalaysia<br \/>\n<a href=\"http:\/\/www.terajupetroleum.com\" target=\"_blank\" rel=\"noopener\">www.terajupetroleum.com<\/a><\/p>\n<p style=\"text-align: justify; padding-left: 60px;\"><strong>Industrial Systems Group LLP<br \/>\n<\/strong>Makhambet Otemisuly street, bld. 134<br \/>\nAtyrau<br \/>\nKasachstan<br \/>\n<a href=\"http:\/\/www.isg.com.kz\" target=\"_blank\" rel=\"noopener\">www.isg.com.kz<\/a><\/p>\n<p>[\/vc_column_text][\/vc_column][\/vc_row][vc_row][vc_column][vc_column_text][\/vc_column_text][\/vc_column][\/vc_row]<\/p>\n<\/div>","protected":false},"excerpt":{"rendered":"<p>[vc_row][vc_column][vc_column_text][\/vc_column_text][\/vc_column][\/vc_row][vc_row][vc_column css=&#8220;.vc_custom_1622214565631{margin-bottom: 5px !important;}&#8220;][vc_column_text]Unseren Vertrieb erreichen Sie \u00fcber folgende Kontaktadressen: Stammsitz[\/vc_column_text][\/vc_column][vc_column width=&#8220;1\/2&#8243; css=&#8220;.vc_custom_1622214572155{margin-top: 10px !important;}&#8220;][vc_column_text css=&#8220;&#8220;] Strobl Pumpen GmbH &amp; Co. KG Boschring 3 91161 Hilpoltstein Deutschland Tel.: +49-(0)9174-97708-0 Mail: info@strobl-pumpen.de [\/vc_column_text][\/vc_column][vc_column width=&#8220;1\/2&#8243; css=&#8220;.vc_custom_1622214578710{margin-top: 10px !important;}&#8220;][vc_column_text css=&#8220;&#8220;][\/vc_column_text][\/vc_column][vc_column css=&#8220;.vc_custom_1622214270093{margin-top: 35px !important;margin-bottom: 35px !important;}&#8220;][vc_column_text] Hier stehen wir Ihnen mit unserem Team in s\u00e4mtlichen Fragen rund um unsere [&hellip;]<\/p>\n","protected":false},"author":1,"featured_media":0,"parent":0,"menu_order":0,"comment_status":"closed","ping_status":"closed","template":"","meta":{"footnotes":""},"class_list":["post-19","page","type-page","status-publish","hentry"],"_links":{"self":[{"href":"https:\/\/www.strobl-pumpen.de\/de\/wp-json\/wp\/v2\/pages\/19","targetHints":{"allow":["GET"]}}],"collection":[{"href":"https:\/\/www.strobl-pumpen.de\/de\/wp-json\/wp\/v2\/pages"}],"about":[{"href":"https:\/\/www.strobl-pumpen.de\/de\/wp-json\/wp\/v2\/types\/page"}],"author":[{"embeddable":true,"href":"https:\/\/www.strobl-pumpen.de\/de\/wp-json\/wp\/v2\/users\/1"}],"replies":[{"embeddable":true,"href":"https:\/\/www.strobl-pumpen.de\/de\/wp-json\/wp\/v2\/comments?post=19"}],"version-history":[{"count":17,"href":"https:\/\/www.strobl-pumpen.de\/de\/wp-json\/wp\/v2\/pages\/19\/revisions"}],"predecessor-version":[{"id":1710,"href":"https:\/\/www.strobl-pumpen.de\/de\/wp-json\/wp\/v2\/pages\/19\/revisions\/1710"}],"wp:attachment":[{"href":"https:\/\/www.strobl-pumpen.de\/de\/wp-json\/wp\/v2\/media?parent=19"}],"curies":[{"name":"wp","href":"https:\/\/api.w.org\/{rel}","templated":true}]}}