{"id":267,"date":"2016-05-27T08:22:21","date_gmt":"2016-05-27T06:22:21","guid":{"rendered":"http:\/\/www.strobl-pumpen.biz\/?page_id=267"},"modified":"2018-08-30T21:19:43","modified_gmt":"2018-08-30T19:19:43","slug":"fahrzeugtechnik","status":"publish","type":"page","link":"https:\/\/www.strobl-pumpen.de\/de\/produkte\/fahrzeugtechnik\/","title":{"rendered":"Fahrzeugtechnik"},"content":{"rendered":"<div class=\"wpb-content-wrapper\"><p>[vc_row][vc_column][vc_column_text]<\/p>\n<p style=\"text-align: justify;\">Im Bereich der Fahrzeugtechnik arbeiten wir derzeit haupts\u00e4chlich mit verschiedenen Baumaschinenherstellern zusammen. Diese setzen unsere Pumpen auf ihren Betonmischfahrzeugen zur Wasserversorgung des Mischeraufbaus ein. Aufgrund der unterschiedlichen Technik der Aufbauten und den verschiedenen Anwendungsgebieten bieten wir hier die Fahrmischerpumpen <strong>Baureihen FMP3<\/strong> und <strong>FMP2HY<\/strong> an. Die FMP2 kann alternativ auch mit einem 24V-Gleichstrommotor geliefert werden, falls weder ein Nebenabtrieb noch ein entsprechendes Hydrauliksystem zur Verf\u00fcgung steht. Da die FMP2 auf die Gu\u00dfteile der EBP 25-160 aufbaut, k\u00f6nnen wir auch Versionen aus Sonderwerkstoffen f\u00fcr die F\u00f6rderung von chemischen Zus\u00e4tzen anbieten.<\/p>\n<p>[\/vc_column_text][\/vc_column][\/vc_row][vc_row css=&#8220;.vc_custom_1464340209710{margin-top: 30px !important;}&#8220;][vc_column width=&#8220;1\/2&#8243;][vc_single_image image=&#8220;294&#8243; img_size=&#8220;medium&#8220; alignment=&#8220;center&#8220;][\/vc_column][vc_column width=&#8220;1\/2&#8243;][vc_single_image image=&#8220;293&#8243; img_size=&#8220;medium&#8220; alignment=&#8220;center&#8220;][\/vc_column][\/vc_row]<\/p>\n<\/div>","protected":false},"excerpt":{"rendered":"<p>[vc_row][vc_column][vc_column_text] Im Bereich der Fahrzeugtechnik arbeiten wir derzeit haupts\u00e4chlich mit verschiedenen Baumaschinenherstellern zusammen. Diese setzen unsere Pumpen auf ihren Betonmischfahrzeugen zur Wasserversorgung des Mischeraufbaus ein. Aufgrund der unterschiedlichen Technik der Aufbauten und den verschiedenen Anwendungsgebieten bieten wir hier die Fahrmischerpumpen Baureihen FMP3 und FMP2HY an. Die FMP2 kann alternativ auch mit einem 24V-Gleichstrommotor geliefert werden, [&hellip;]<\/p>\n","protected":false},"author":1,"featured_media":0,"parent":11,"menu_order":0,"comment_status":"closed","ping_status":"closed","template":"","meta":{"footnotes":""},"class_list":["post-267","page","type-page","status-publish","hentry"],"_links":{"self":[{"href":"https:\/\/www.strobl-pumpen.de\/de\/wp-json\/wp\/v2\/pages\/267","targetHints":{"allow":["GET"]}}],"collection":[{"href":"https:\/\/www.strobl-pumpen.de\/de\/wp-json\/wp\/v2\/pages"}],"about":[{"href":"https:\/\/www.strobl-pumpen.de\/de\/wp-json\/wp\/v2\/types\/page"}],"author":[{"embeddable":true,"href":"https:\/\/www.strobl-pumpen.de\/de\/wp-json\/wp\/v2\/users\/1"}],"replies":[{"embeddable":true,"href":"https:\/\/www.strobl-pumpen.de\/de\/wp-json\/wp\/v2\/comments?post=267"}],"version-history":[{"count":6,"href":"https:\/\/www.strobl-pumpen.de\/de\/wp-json\/wp\/v2\/pages\/267\/revisions"}],"predecessor-version":[{"id":383,"href":"https:\/\/www.strobl-pumpen.de\/de\/wp-json\/wp\/v2\/pages\/267\/revisions\/383"}],"up":[{"embeddable":true,"href":"https:\/\/www.strobl-pumpen.de\/de\/wp-json\/wp\/v2\/pages\/11"}],"wp:attachment":[{"href":"https:\/\/www.strobl-pumpen.de\/de\/wp-json\/wp\/v2\/media?parent=267"}],"curies":[{"name":"wp","href":"https:\/\/api.w.org\/{rel}","templated":true}]}}