{"id":425,"date":"2016-06-28T07:59:46","date_gmt":"2016-06-28T05:59:46","guid":{"rendered":"http:\/\/www.strobl-pumpen.de\/?page_id=425"},"modified":"2025-08-29T10:23:57","modified_gmt":"2025-08-29T08:23:57","slug":"downloads-2","status":"publish","type":"page","link":"https:\/\/www.strobl-pumpen.de\/de\/downloads-2\/","title":{"rendered":"Downloads"},"content":{"rendered":"<div class=\"wpb-content-wrapper\"><p>[vc_row][vc_column][vc_column_text][\/vc_column_text][\/vc_column][\/vc_row][vc_row][vc_column][vc_column_text]<\/p>\n<p style=\"text-align: justify;\">Hier finden Sie alle online verf\u00fcgbaren Dokumente gesammelt zum Download. Falls Sie Dokumente in anderen Sprachen oder zu nicht aufgef\u00fchrten Produkten ben\u00f6tigen, k\u00f6nnen Sie sich jederzeit direkt an uns wenden.<\/p>\n<p>[\/vc_column_text][\/vc_column][\/vc_row][vc_row css=&#8220;.vc_custom_1464339793758{margin-top: 30px !important;margin-bottom: 30px !important;}&#8220;][vc_column width=&#8220;1\/3&#8243;][vc_column_text]<\/p>\n<p style=\"text-align: center;\"><a class=\"download\" href=\"https:\/\/www.strobl-pumpen.de\/sp_dokumente\/Produktuebersicht_2021_de_web.pdf\" target=\"_blank\" rel=\"noopener noreferrer\"><i class=\"fa fa-file-pdf-o\"><\/i> Produkt\u00fcbersicht deutsch<\/a><\/p>\n<p>[\/vc_column_text][\/vc_column][vc_column width=&#8220;1\/3&#8243;][vc_column_text]<\/p>\n<p style=\"text-align: center;\"><a class=\"download\" href=\"https:\/\/www.strobl-pumpen.de\/sp_dokumente\/Productoverview_2021_en_web.pdf\" target=\"_blank\" rel=\"noopener noreferrer\"><i class=\"fa fa-file-pdf-o\"><\/i> Produkt\u00fcbersicht englisch<\/a><\/p>\n<p>[\/vc_column_text][\/vc_column][vc_column width=&#8220;1\/3&#8243;][vc_column_text]<\/p>\n<p style=\"text-align: center;\"><a class=\"download\" href=\"https:\/\/www.strobl-pumpen.de\/sp_dokumente\/Produits_2021_fr_web.pdf\" target=\"_blank\" rel=\"noopener noreferrer\"><i class=\"fa fa-file-pdf-o\"><\/i> Produkt\u00fcbersicht franz\u00f6sisch<\/a><\/p>\n<p>[\/vc_column_text][\/vc_column][\/vc_row][vc_row css=&#8220;.vc_custom_1432183991694{padding-right: 25px !important;padding-bottom: 25px !important;padding-left: 25px !important;}&#8220;][vc_column][vc_column_text]<\/p>\n<p style=\"text-align: justify;\">Folgend finden Sie die Datenbl\u00e4tter zu unseren Pumpen. Diese enthalten \u00fcblicherweise eine kurze Beschreibung der Pumpen, ein Kennfeld sowie Informationen zu lieferbaren Werkstoffen. Da wir unsere Produkte permanent weiterentwickeln, werden auch die \u00dcbersichten kontinuierlich \u00fcberarbeitet.<\/p>\n<p>[\/vc_column_text][\/vc_column][\/vc_row][vc_row css=&#8220;.vc_custom_1432184235312{padding-right: 25px !important;padding-bottom: 25px !important;padding-left: 25px !important;}&#8220;][vc_column width=&#8220;1\/4&#8243;][vc_column_text]<\/p>\n<p style=\"text-align: center;\"><a class=\"download\" href=\"https:\/\/www.strobl-pumpen.de\/sp_dokumente\/AWP_Produktdatenblatt_de.pdf\" target=\"_blank\" rel=\"noopener noreferrer\"><i class=\"fa fa-file-pdf-o\"><\/i> Datenblatt AWP deutsch<\/a><\/p>\n<p style=\"text-align: center;\"><a class=\"download\" href=\"https:\/\/www.strobl-pumpen.de\/sp_dokumente\/AWP_Product datasheet_en.pdf\" target=\"_blank\" rel=\"noopener noreferrer\"><i class=\"fa fa-file-pdf-o\"><\/i> Datenblatt AWP englisch<\/a><\/p>\n<p>[\/vc_column_text][\/vc_column][vc_column width=&#8220;1\/4&#8243;][vc_column_text]<\/p>\n<p>Datenblatt zu unseren <strong>Abwasserpumpen<\/strong> vom Typ AWP\/AWPH inklusive entsprechender Varianten.[\/vc_column_text][\/vc_column][vc_column width=&#8220;1\/4&#8243;][vc_column_text css=&#8220;&#8220;]<\/p>\n<p style=\"text-align: center;\"><a class=\"download\" href=\"https:\/\/www.strobl-pumpen.de\/sp_dokumente\/CNP-Katalog_de_web.pdf\" target=\"_blank\" rel=\"noopener noreferrer\"><i class=\"fa fa-file-pdf-o\"><\/i> Katalog CNP deutsch<\/a><\/p>\n<p style=\"text-align: center;\"><a class=\"download\" href=\"https:\/\/www.strobl-pumpen.de\/sp_dokumente\/CNP-Catalogue_en_web.pdf\" target=\"_blank\" rel=\"noopener noreferrer\"><i class=\"fa fa-file-pdf-o\"><\/i> Katalog CNP englisch<\/a><\/p>\n<p>[\/vc_column_text][\/vc_column][vc_column width=&#8220;1\/4&#8243;][vc_column_text css=&#8220;&#8220;]Katalog zu unseren <strong>Chemienormpumpen<\/strong> vom Typ CNP inklusive entsprechender Varianten.[\/vc_column_text][\/vc_column][\/vc_row][vc_row css=&#8220;.vc_custom_1554371841067{margin-bottom: 25px !important;}&#8220;][vc_column][vc_empty_space height=&#8220;22px&#8220;][\/vc_column][\/vc_row][vc_row css=&#8220;.vc_custom_1432184257480{padding-right: 25px !important;padding-bottom: 25px !important;padding-left: 25px !important;}&#8220;][vc_column width=&#8220;1\/4&#8243;][vc_column_text]<\/p>\n<p style=\"text-align: center;\"><a class=\"download\" href=\"https:\/\/www.strobl-pumpen.de\/sp_dokumente\/CPP_Produktdatenblatt_de.pdf\" target=\"_blank\" rel=\"noopener noreferrer\"><i class=\"fa fa-file-pdf-o\"><\/i> Datenblatt CPP deutsch<\/a><\/p>\n<p style=\"text-align: center;\"><a class=\"download\" href=\"https:\/\/www.strobl-pumpen.de\/sp_dokumente\/CPP_Product datasheet_en.pdf\" target=\"_blank\" rel=\"noopener noreferrer\"><i class=\"fa fa-file-pdf-o\"><\/i> Datenblatt CPP englisch<\/a><\/p>\n<p>[\/vc_column_text][\/vc_column][vc_column width=&#8220;1\/4&#8243;][vc_column_text]Datenblatt zu unseren <strong>Prozesspumpen<\/strong> vom Typ CPP inklusive entsprechender Varianten.[\/vc_column_text][\/vc_column][vc_column width=&#8220;1\/4&#8243;][vc_column_text]<\/p>\n<p style=\"text-align: center;\"><a class=\"download\" href=\"https:\/\/www.strobl-pumpen.de\/sp_dokumente\/EBP_Produktdatenblatt_de.pdf\" target=\"_blank\" rel=\"noopener noreferrer\"><i class=\"fa fa-file-pdf-o\"><\/i> Datenblatt EBP deutsch<\/a><\/p>\n<p style=\"text-align: center;\"><a class=\"download\" href=\"https:\/\/www.strobl-pumpen.de\/sp_dokumente\/EBP_Product datasheet_en.pdf\" target=\"_blank\" rel=\"noopener noreferrer\"><i class=\"fa fa-file-pdf-o\"><\/i> Datenblatt EBP englisch<\/a><\/p>\n<p>[\/vc_column_text][\/vc_column][vc_column width=&#8220;1\/4&#8243;][vc_column_text]<\/p>\n<p>Datenblatt zu unseren <strong>Einbaupumpen<\/strong> vom Typ EBP inklusive entsprechender Varianten.[\/vc_column_text][\/vc_column][\/vc_row][vc_row css=&#8220;.vc_custom_1554371841067{margin-bottom: 25px !important;}&#8220;][vc_column][vc_empty_space height=&#8220;22px&#8220;][\/vc_column][\/vc_row][vc_row css=&#8220;.vc_custom_1432184268756{padding-right: 25px !important;padding-bottom: 25px !important;padding-left: 25px !important;}&#8220;][vc_column width=&#8220;1\/4&#8243;][vc_column_text]<\/p>\n<p style=\"text-align: center;\"><a class=\"download\" href=\"https:\/\/www.strobl-pumpen.de\/sp_dokumente\/EBPI_Produktdatenblatt_de.pdf\" target=\"_blank\" rel=\"noopener noreferrer\"><i class=\"fa fa-file-pdf-o\"><\/i> Datenblatt EBPI deutsch<\/a><\/p>\n<p style=\"text-align: center;\"><a class=\"download\" href=\"https:\/\/www.strobl-pumpen.de\/sp_dokumente\/EBPI_Product datasheet_en.pdf\" target=\"_blank\" rel=\"noopener noreferrer\"><i class=\"fa fa-file-pdf-o\"><\/i> Datenblatt EBPI englisch<\/a><\/p>\n<p>[\/vc_column_text][\/vc_column][vc_column width=&#8220;1\/4&#8243;][vc_column_text]<\/p>\n<p>Datenblatt zu unseren <strong>Einbaupumpen <\/strong>vom Typ EBPI inklusive entsprechender Varianten.[\/vc_column_text][\/vc_column][vc_column width=&#8220;1\/4&#8243;][vc_column_text]<\/p>\n<p style=\"text-align: center;\"><a class=\"download\" href=\"https:\/\/www.strobl-pumpen.de\/sp_dokumente\/ETP_Produktdatenblatt_de.pdf\" target=\"_blank\" rel=\"noopener noreferrer\"><i class=\"fa fa-file-pdf-o\"><\/i> Datenblatt ETP deutsch<\/a><\/p>\n<p style=\"text-align: center;\"><a class=\"download\" href=\"https:\/\/www.strobl-pumpen.de\/sp_dokumente\/ETP_Product datasheet_en.pdf\" target=\"_blank\" rel=\"noopener noreferrer\"><i class=\"fa fa-file-pdf-o\"><\/i> Datenblatt ETP englisch<\/a><\/p>\n<p>[\/vc_column_text][\/vc_column][vc_column width=&#8220;1\/4&#8243;][vc_column_text]<\/p>\n<p>Datenblatt zu unseren <strong>Eintauchpumpen<\/strong> vom Typ ETP inklusive entsprechender Varianten.[\/vc_column_text][\/vc_column][\/vc_row][vc_row css=&#8220;.vc_custom_1554371832319{margin-bottom: 25px !important;}&#8220;][vc_column][vc_empty_space height=&#8220;22px&#8220;][\/vc_column][\/vc_row][vc_row css=&#8220;.vc_custom_1432184268756{padding-right: 25px !important;padding-bottom: 25px !important;padding-left: 25px !important;}&#8220;][vc_column width=&#8220;1\/4&#8243;][vc_column_text]<\/p>\n<p style=\"text-align: center;\"><a class=\"download\" href=\"https:\/\/www.strobl-pumpen.de\/sp_dokumente\/FMP_Produktdatenblatt_de.pdf\" target=\"_blank\" rel=\"noopener noreferrer\"><i class=\"fa fa-file-pdf-o\"><\/i> Datenblatt FMP deutsch<\/a><\/p>\n<p style=\"text-align: center;\"><a class=\"download\" href=\"https:\/\/www.strobl-pumpen.de\/sp_dokumente\/FMP_Product datasheet_en.pdf\" target=\"_blank\" rel=\"noopener noreferrer\"><i class=\"fa fa-file-pdf-o\"><\/i> Datenblatt FMP englisch<\/a><\/p>\n<p>[\/vc_column_text][\/vc_column][vc_column width=&#8220;1\/4&#8243;][vc_column_text]<\/p>\n<p>Datenblatt zu unseren <strong>Fahrmischerpumpen <\/strong>vom Typ FMP inklusive entsprechender Varianten.[\/vc_column_text][\/vc_column][vc_column width=&#8220;1\/4&#8243;][vc_column_text]<\/p>\n<p style=\"text-align: center;\"><a class=\"download\" href=\"https:\/\/www.strobl-pumpen.de\/sp_dokumente\/INP_Produktdatenblatt_de.pdf\" target=\"_blank\" rel=\"noopener noreferrer\"><i class=\"fa fa-file-pdf-o\"><\/i> Datenblatt INP deutsch<\/a><\/p>\n<p style=\"text-align: center;\"><a class=\"download\" href=\"https:\/\/www.strobl-pumpen.de\/sp_dokumente\/INP_Product datasheet_en.pdf\" target=\"_blank\" rel=\"noopener noreferrer\"><i class=\"fa fa-file-pdf-o\"><\/i> Datenblatt INP englisch<\/a><\/p>\n<p>[\/vc_column_text][\/vc_column][vc_column width=&#8220;1\/4&#8243;][vc_column_text]<\/p>\n<p>Datenblatt zu unseren <strong>Inlinepumpen<\/strong> vom Typ INP inklusive entsprechender Varianten.[\/vc_column_text][\/vc_column][\/vc_row][vc_row css=&#8220;.vc_custom_1554371832319{margin-bottom: 25px !important;}&#8220;][vc_column][vc_empty_space height=&#8220;22px&#8220;][\/vc_column][\/vc_row][vc_row css=&#8220;.vc_custom_1432184268756{padding-right: 25px !important;padding-bottom: 25px !important;padding-left: 25px !important;}&#8220;][vc_column width=&#8220;1\/4&#8243;][vc_column_text]<\/p>\n<p style=\"text-align: center;\"><a class=\"download\" href=\"https:\/\/www.strobl-pumpen.de\/sp_dokumente\/KEP_Produktdatenblatt_de.pdf\" target=\"_blank\" rel=\"noopener noreferrer\"><i class=\"fa fa-file-pdf-o\"><\/i> Datenblatt KEP deutsch<\/a><\/p>\n<p style=\"text-align: center;\"><a class=\"download\" href=\"https:\/\/www.strobl-pumpen.de\/sp_dokumente\/KEP_Product datasheet_en.pdf\" target=\"_blank\" rel=\"noopener noreferrer\"><i class=\"fa fa-file-pdf-o\"><\/i> Datenblatt KEP englisch<\/a><\/p>\n<p>[\/vc_column_text][\/vc_column][vc_column width=&#8220;1\/4&#8243;][vc_column_text]<\/p>\n<p>Datenblatt zu unseren <strong>Kellerentw\u00e4sserungspumpen <\/strong>vom Typ KEP inklusive entsprechender Varianten.[\/vc_column_text][\/vc_column][vc_column width=&#8220;1\/4&#8243;][vc_column_text]<\/p>\n<p style=\"text-align: center;\"><a class=\"download\" href=\"https:\/\/www.strobl-pumpen.de\/sp_dokumente\/SKP_Produktdatenblatt_de.pdf\" target=\"_blank\" rel=\"noopener noreferrer\"><i class=\"fa fa-file-pdf-o\"><\/i> Datenblatt SKP deutsch<\/a><\/p>\n<p style=\"text-align: center;\"><a class=\"download\" href=\"https:\/\/www.strobl-pumpen.de\/sp_dokumente\/SKP_Product datasheet_en.pdf\" target=\"_blank\" rel=\"noopener noreferrer\"><i class=\"fa fa-file-pdf-o\"><\/i> Datenblatt SKP englisch<\/a><\/p>\n<p>[\/vc_column_text][\/vc_column][vc_column width=&#8220;1\/4&#8243;][vc_column_text]<\/p>\n<p>Datenblatt zu unseren <strong>Stufenkreiselpumpen<\/strong> vom Typ SKP inklusive entsprechender Varianten.[\/vc_column_text][\/vc_column][\/vc_row][vc_row][vc_column][vc_column_text][\/vc_column_text][\/vc_column][\/vc_row]<\/p>\n<\/div>","protected":false},"excerpt":{"rendered":"<p>[vc_row][vc_column][vc_column_text][\/vc_column_text][\/vc_column][\/vc_row][vc_row][vc_column][vc_column_text] Hier finden Sie alle online verf\u00fcgbaren Dokumente gesammelt zum Download. Falls Sie Dokumente in anderen Sprachen oder zu nicht aufgef\u00fchrten Produkten ben\u00f6tigen, k\u00f6nnen Sie sich jederzeit direkt an uns wenden. [\/vc_column_text][\/vc_column][\/vc_row][vc_row css=&#8220;.vc_custom_1464339793758{margin-top: 30px !important;margin-bottom: 30px !important;}&#8220;][vc_column width=&#8220;1\/3&#8243;][vc_column_text] Produkt\u00fcbersicht deutsch [\/vc_column_text][\/vc_column][vc_column width=&#8220;1\/3&#8243;][vc_column_text] Produkt\u00fcbersicht englisch [\/vc_column_text][\/vc_column][vc_column width=&#8220;1\/3&#8243;][vc_column_text] Produkt\u00fcbersicht franz\u00f6sisch [\/vc_column_text][\/vc_column][\/vc_row][vc_row css=&#8220;.vc_custom_1432183991694{padding-right: 25px !important;padding-bottom: 25px !important;padding-left: 25px [&hellip;]<\/p>\n","protected":false},"author":1,"featured_media":0,"parent":0,"menu_order":0,"comment_status":"closed","ping_status":"closed","template":"","meta":{"footnotes":""},"class_list":["post-425","page","type-page","status-publish","hentry"],"_links":{"self":[{"href":"https:\/\/www.strobl-pumpen.de\/de\/wp-json\/wp\/v2\/pages\/425","targetHints":{"allow":["GET"]}}],"collection":[{"href":"https:\/\/www.strobl-pumpen.de\/de\/wp-json\/wp\/v2\/pages"}],"about":[{"href":"https:\/\/www.strobl-pumpen.de\/de\/wp-json\/wp\/v2\/types\/page"}],"author":[{"embeddable":true,"href":"https:\/\/www.strobl-pumpen.de\/de\/wp-json\/wp\/v2\/users\/1"}],"replies":[{"embeddable":true,"href":"https:\/\/www.strobl-pumpen.de\/de\/wp-json\/wp\/v2\/comments?post=425"}],"version-history":[{"count":43,"href":"https:\/\/www.strobl-pumpen.de\/de\/wp-json\/wp\/v2\/pages\/425\/revisions"}],"predecessor-version":[{"id":1688,"href":"https:\/\/www.strobl-pumpen.de\/de\/wp-json\/wp\/v2\/pages\/425\/revisions\/1688"}],"wp:attachment":[{"href":"https:\/\/www.strobl-pumpen.de\/de\/wp-json\/wp\/v2\/media?parent=425"}],"curies":[{"name":"wp","href":"https:\/\/api.w.org\/{rel}","templated":true}]}}